{"id":6986,"date":"2024-06-13T17:43:43","date_gmt":"2024-06-13T15:43:43","guid":{"rendered":"https:\/\/www.electricigniter.com\/?page_id=6986"},"modified":"2024-06-13T17:44:42","modified_gmt":"2024-06-13T15:44:42","slug":"podakovanie","status":"publish","type":"page","link":"https:\/\/www.electricigniter.com\/sk\/podakovanie\/","title":{"rendered":"Po\u010fakovanie"},"content":{"rendered":"\t\t<div data-elementor-type=\"wp-post\" data-elementor-id=\"6986\" class=\"elementor elementor-6986 elementor-4329\" data-elementor-post-type=\"page\">\n\t\t\t\t\t\t<section class=\"elementor-section elementor-top-section elementor-element elementor-element-96383fd elementor-section-height-full elementor-section-boxed elementor-section-height-default elementor-section-items-middle\" data-id=\"96383fd\" data-element_type=\"section\" data-settings=\"{&quot;jet_parallax_layout_list&quot;:[],&quot;background_background&quot;:&quot;gradient&quot;}\">\n\t\t\t\t\t\t\t<div class=\"elementor-background-overlay\"><\/div>\n\t\t\t\t\t\t\t<div class=\"elementor-container elementor-column-gap-default\">\n\t\t\t\t\t<div class=\"elementor-column elementor-col-100 elementor-top-column elementor-element elementor-element-ab7b24f\" data-id=\"ab7b24f\" data-element_type=\"column\" data-settings=\"{&quot;background_background&quot;:&quot;classic&quot;}\">\n\t\t\t<div class=\"elementor-widget-wrap elementor-element-populated\">\n\t\t\t\t\t\t<div class=\"elementor-element elementor-element-41d30af elementor-align-center elementor-widget elementor-widget-breadcrumbs\" data-id=\"41d30af\" data-element_type=\"widget\" data-widget_type=\"breadcrumbs.default\">\n\t\t\t\t<div class=\"elementor-widget-container\">\n\t\t\t<p id=\"breadcrumbs\"><span><span><a href=\"https:\/\/www.electricigniter.com\/sk\/\">\u00davod<\/a><\/span><\/span><\/p>\t\t<\/div>\n\t\t\t\t<\/div>\n\t\t\t\t<section class=\"elementor-section elementor-inner-section elementor-element elementor-element-f260423 elementor-section-boxed elementor-section-height-default elementor-section-height-default\" data-id=\"f260423\" data-element_type=\"section\" data-settings=\"{&quot;jet_parallax_layout_list&quot;:[]}\">\n\t\t\t\t\t\t<div class=\"elementor-container elementor-column-gap-default\">\n\t\t\t\t\t<div class=\"elementor-column elementor-col-100 elementor-inner-column elementor-element elementor-element-a7e4042\" data-id=\"a7e4042\" data-element_type=\"column\">\n\t\t\t<div class=\"elementor-widget-wrap elementor-element-populated\">\n\t\t\t\t\t\t<div class=\"elementor-element elementor-element-0dacdcb nadpis elementor-widget elementor-widget-heading\" data-id=\"0dacdcb\" data-element_type=\"widget\" data-widget_type=\"heading.default\">\n\t\t\t\t<div class=\"elementor-widget-container\">\n\t\t\t<h1 class=\"elementor-heading-title elementor-size-default\">Po\u010fakovanie<\/h1>\t\t<\/div>\n\t\t\t\t<\/div>\n\t\t\t\t<div class=\"elementor-element elementor-element-e727dc9 elementor-widget-divider--view-line elementor-widget elementor-widget-divider\" data-id=\"e727dc9\" data-element_type=\"widget\" data-widget_type=\"divider.default\">\n\t\t\t\t<div class=\"elementor-widget-container\">\n\t\t\t\t\t<div class=\"elementor-divider\">\n\t\t\t<span class=\"elementor-divider-separator\">\n\t\t\t\t\t\t<\/span>\n\t\t<\/div>\n\t\t\t\t<\/div>\n\t\t\t\t<\/div>\n\t\t\t\t<div class=\"elementor-element elementor-element-e41d3a1 podnadpis elementor-widget elementor-widget-heading\" data-id=\"e41d3a1\" data-element_type=\"widget\" data-widget_type=\"heading.default\">\n\t\t\t\t<div class=\"elementor-widget-container\">\n\t\t\t<h2 class=\"elementor-heading-title elementor-size-default\">\u010eakujeme za va\u0161u spr\u00e1vu.<\/h2>\t\t<\/div>\n\t\t\t\t<\/div>\n\t\t\t\t<div class=\"elementor-element elementor-element-749916e elementor-widget elementor-widget-text-editor\" data-id=\"749916e\" data-element_type=\"widget\" data-widget_type=\"text-editor.default\">\n\t\t\t\t<div class=\"elementor-widget-container\">\n\t\t\t\t\t\t\t<p>Va\u015ba spr\u00e1va bola odoslan\u00e1. Budem V\u00e1s v najbli\u017e\u0161ej dobe kontaktova\u0165.<\/p>\t\t\t\t\t\t<\/div>\n\t\t\t\t<\/div>\n\t\t\t\t<div class=\"elementor-element elementor-element-44aad3a tlacidlo elementor-align-center elementor-widget elementor-widget-button\" data-id=\"44aad3a\" data-element_type=\"widget\" data-widget_type=\"button.default\">\n\t\t\t\t<div class=\"elementor-widget-container\">\n\t\t\t\t\t<div class=\"elementor-button-wrapper\">\n\t\t\t<a class=\"elementor-button elementor-button-link elementor-size-sm\" href=\"\/sk\/\">\n\t\t\t\t\t\t<span class=\"elementor-button-content-wrapper\">\n\t\t\t\t\t\t<span class=\"elementor-button-icon\">\n\t\t\t\t<i aria-hidden=\"true\" class=\"fas fa-long-arrow-alt-right\"><\/i>\t\t\t<\/span>\n\t\t\t\t\t\t\t\t\t<span class=\"elementor-button-text\">Sp\u00e4\u0165 na \u00favod<\/span>\n\t\t\t\t\t<\/span>\n\t\t\t\t\t<\/a>\n\t\t<\/div>\n\t\t\t\t<\/div>\n\t\t\t\t<\/div>\n\t\t\t\t\t<\/div>\n\t\t<\/div>\n\t\t\t\t\t<\/div>\n\t\t<\/section>\n\t\t\t\t\t<\/div>\n\t\t<\/div>\n\t\t\t\t\t<\/div>\n\t\t<\/section>\n\t\t\t\t<\/div>\n\t\t","protected":false},"excerpt":{"rendered":"<p>Po\u010fakovanie \u010eakujeme za va\u0161u spr\u00e1vu. Va\u015ba spr\u00e1va bola odoslan\u00e1. Budem V\u00e1s v najbli\u017e\u0161ej dobe kontaktova\u0165. Sp\u00e4\u0165 na \u00favod<\/p>\n","protected":false},"author":16,"featured_media":0,"parent":0,"menu_order":0,"comment_status":"closed","ping_status":"closed","template":"","meta":{"site-sidebar-layout":"no-sidebar","site-content-layout":"page-builder","ast-site-content-layout":"","site-content-style":"default","site-sidebar-style":"default","ast-global-header-display":"","ast-banner-title-visibility":"","ast-main-header-display":"","ast-hfb-above-header-display":"","ast-hfb-below-header-display":"","ast-hfb-mobile-header-display":"","site-post-title":"disabled","ast-breadcrumbs-content":"","ast-featured-img":"disabled","footer-sml-layout":"","theme-transparent-header-meta":"default","adv-header-id-meta":"","stick-header-meta":"default","header-above-stick-meta":"","header-main-stick-meta":"","header-below-stick-meta":"","astra-migrate-meta-layouts":"set","ast-page-background-enabled":"default","ast-page-background-meta":{"desktop":{"background-color":"var(--ast-global-color-4)","background-image":"","background-repeat":"repeat","background-position":"center center","background-size":"auto","background-attachment":"scroll","background-type":"","background-media":"","overlay-type":"","overlay-color":"","overlay-opacity":"","overlay-gradient":""},"tablet":{"background-color":"","background-image":"","background-repeat":"repeat","background-position":"center center","background-size":"auto","background-attachment":"scroll","background-type":"","background-media":"","overlay-type":"","overlay-color":"","overlay-opacity":"","overlay-gradient":""},"mobile":{"background-color":"","background-image":"","background-repeat":"repeat","background-position":"center center","background-size":"auto","background-attachment":"scroll","background-type":"","background-media":"","overlay-type":"","overlay-color":"","overlay-opacity":"","overlay-gradient":""}},"ast-content-background-meta":{"desktop":{"background-color":"var(--ast-global-color-5)","background-image":"","background-repeat":"repeat","background-position":"center center","background-size":"auto","background-attachment":"scroll","background-type":"","background-media":"","overlay-type":"","overlay-color":"","overlay-opacity":"","overlay-gradient":""},"tablet":{"background-color":"var(--ast-global-color-5)","background-image":"","background-repeat":"repeat","background-position":"center center","background-size":"auto","background-attachment":"scroll","background-type":"","background-media":"","overlay-type":"","overlay-color":"","overlay-opacity":"","overlay-gradient":""},"mobile":{"background-color":"var(--ast-global-color-5)","background-image":"","background-repeat":"repeat","background-position":"center center","background-size":"auto","background-attachment":"scroll","background-type":"","background-media":"","overlay-type":"","overlay-color":"","overlay-opacity":"","overlay-gradient":""}},"footnotes":""},"yoast_head":"<!-- This site is optimized with the Yoast SEO plugin v22.9 - https:\/\/yoast.com\/wordpress\/plugins\/seo\/ -->\n<title>Po\u010fakovanie | Electric Igniters<\/title>\n<meta name=\"description\" content=\"Po\u010fakovanie   \u010eakujeme za va\u0161u spr\u00e1vu.   Va\u015ba spr\u00e1va bola odoslan\u00e1. Budem V\u00e1s v najbli\u017e\u0161ej dobe kontaktova\u0165.        Sp\u00e4\u0165 na \u00favod\" \/>\n<meta name=\"robots\" content=\"index, follow, max-snippet:-1, max-image-preview:large, max-video-preview:-1\" \/>\n<link rel=\"canonical\" href=\"https:\/\/www.electricigniter.com\/sk\/podakovanie\/\" \/>\n<meta property=\"og:locale\" content=\"sk_SK\" \/>\n<meta property=\"og:type\" content=\"article\" \/>\n<meta property=\"og:title\" content=\"Po\u010fakovanie | Electric Igniters\" \/>\n<meta property=\"og:description\" content=\"Po\u010fakovanie   \u010eakujeme za va\u0161u spr\u00e1vu.   Va\u015ba spr\u00e1va bola odoslan\u00e1. Budem V\u00e1s v najbli\u017e\u0161ej dobe kontaktova\u0165.        Sp\u00e4\u0165 na \u00favod\" \/>\n<meta property=\"og:url\" content=\"https:\/\/www.electricigniter.com\/sk\/podakovanie\/\" \/>\n<meta property=\"og:site_name\" content=\"Electric Igniters\" \/>\n<meta property=\"article:modified_time\" content=\"2024-06-13T15:44:42+00:00\" \/>\n<meta property=\"og:image\" content=\"https:\/\/www.electricigniter.com\/wp-content\/uploads\/2019\/08\/fb-privatex-pyro.jpg\" \/>\n\t<meta property=\"og:image:width\" content=\"1200\" \/>\n\t<meta property=\"og:image:height\" content=\"627\" \/>\n\t<meta property=\"og:image:type\" content=\"image\/jpeg\" \/>\n<meta name=\"twitter:card\" content=\"summary_large_image\" \/>\n<meta name=\"twitter:label1\" content=\"Predpokladan\u00fd \u010das \u010d\u00edtania\" \/>\n\t<meta name=\"twitter:data1\" content=\"1 min\u00fata\" \/>\n<script type=\"application\/ld+json\" class=\"yoast-schema-graph\">{\"@context\":\"https:\/\/schema.org\",\"@graph\":[{\"@type\":\"WebPage\",\"@id\":\"https:\/\/www.electricigniter.com\/sk\/podakovanie\/\",\"url\":\"https:\/\/www.electricigniter.com\/sk\/podakovanie\/\",\"name\":\"Po\u010fakovanie | Electric Igniters\",\"isPartOf\":{\"@id\":\"https:\/\/www.electricigniter.com\/#website\"},\"datePublished\":\"2024-06-13T15:43:43+00:00\",\"dateModified\":\"2024-06-13T15:44:42+00:00\",\"description\":\"Po\u010fakovanie \u010eakujeme za va\u0161u spr\u00e1vu. Va\u015ba spr\u00e1va bola odoslan\u00e1. Budem V\u00e1s v najbli\u017e\u0161ej dobe kontaktova\u0165. Sp\u00e4\u0165 na \u00favod\",\"breadcrumb\":{\"@id\":\"https:\/\/www.electricigniter.com\/sk\/podakovanie\/#breadcrumb\"},\"inLanguage\":\"sk-SK\",\"potentialAction\":[{\"@type\":\"ReadAction\",\"target\":[\"https:\/\/www.electricigniter.com\/sk\/podakovanie\/\"]}]},{\"@type\":\"BreadcrumbList\",\"@id\":\"https:\/\/www.electricigniter.com\/sk\/podakovanie\/#breadcrumb\",\"itemListElement\":[{\"@type\":\"ListItem\",\"position\":1,\"name\":\"\u00davod\",\"item\":\"https:\/\/www.electricigniter.com\/sk\/\"},{\"@type\":\"ListItem\",\"position\":2,\"name\":\"Po\u010fakovanie\"}]},{\"@type\":\"WebSite\",\"@id\":\"https:\/\/www.electricigniter.com\/#website\",\"url\":\"https:\/\/www.electricigniter.com\/\",\"name\":\"Electric Igniters\",\"description\":\"\",\"publisher\":{\"@id\":\"https:\/\/www.electricigniter.com\/#organization\"},\"potentialAction\":[{\"@type\":\"SearchAction\",\"target\":{\"@type\":\"EntryPoint\",\"urlTemplate\":\"https:\/\/www.electricigniter.com\/?s={search_term_string}\"},\"query-input\":\"required name=search_term_string\"}],\"inLanguage\":\"sk-SK\"},{\"@type\":\"Organization\",\"@id\":\"https:\/\/www.electricigniter.com\/#organization\",\"name\":\"PYROEX\",\"url\":\"https:\/\/www.electricigniter.com\/\",\"logo\":{\"@type\":\"ImageObject\",\"inLanguage\":\"sk-SK\",\"@id\":\"https:\/\/www.electricigniter.com\/#\/schema\/logo\/image\/\",\"url\":\"https:\/\/www.electricigniter.com\/wp-content\/uploads\/2019\/03\/logo-farebne-02-40px-privatex-pyro.png\",\"contentUrl\":\"https:\/\/www.electricigniter.com\/wp-content\/uploads\/2019\/03\/logo-farebne-02-40px-privatex-pyro.png\",\"width\":233,\"height\":40,\"caption\":\"PYROEX\"},\"image\":{\"@id\":\"https:\/\/www.electricigniter.com\/#\/schema\/logo\/image\/\"}}]}<\/script>\n<!-- \/ Yoast SEO plugin. -->","yoast_head_json":{"title":"Po\u010fakovanie | Electric Igniters","description":"Po\u010fakovanie   \u010eakujeme za va\u0161u spr\u00e1vu.   Va\u015ba spr\u00e1va bola odoslan\u00e1. Budem V\u00e1s v najbli\u017e\u0161ej dobe kontaktova\u0165.        Sp\u00e4\u0165 na \u00favod","robots":{"index":"index","follow":"follow","max-snippet":"max-snippet:-1","max-image-preview":"max-image-preview:large","max-video-preview":"max-video-preview:-1"},"canonical":"https:\/\/www.electricigniter.com\/sk\/podakovanie\/","og_locale":"sk_SK","og_type":"article","og_title":"Po\u010fakovanie | Electric Igniters","og_description":"Po\u010fakovanie   \u010eakujeme za va\u0161u spr\u00e1vu.   Va\u015ba spr\u00e1va bola odoslan\u00e1. Budem V\u00e1s v najbli\u017e\u0161ej dobe kontaktova\u0165.        Sp\u00e4\u0165 na \u00favod","og_url":"https:\/\/www.electricigniter.com\/sk\/podakovanie\/","og_site_name":"Electric Igniters","article_modified_time":"2024-06-13T15:44:42+00:00","og_image":[{"width":1200,"height":627,"url":"https:\/\/www.electricigniter.com\/wp-content\/uploads\/2019\/08\/fb-privatex-pyro.jpg","type":"image\/jpeg"}],"twitter_card":"summary_large_image","twitter_misc":{"Predpokladan\u00fd \u010das \u010d\u00edtania":"1 min\u00fata"},"schema":{"@context":"https:\/\/schema.org","@graph":[{"@type":"WebPage","@id":"https:\/\/www.electricigniter.com\/sk\/podakovanie\/","url":"https:\/\/www.electricigniter.com\/sk\/podakovanie\/","name":"Po\u010fakovanie | Electric Igniters","isPartOf":{"@id":"https:\/\/www.electricigniter.com\/#website"},"datePublished":"2024-06-13T15:43:43+00:00","dateModified":"2024-06-13T15:44:42+00:00","description":"Po\u010fakovanie \u010eakujeme za va\u0161u spr\u00e1vu. Va\u015ba spr\u00e1va bola odoslan\u00e1. Budem V\u00e1s v najbli\u017e\u0161ej dobe kontaktova\u0165. Sp\u00e4\u0165 na \u00favod","breadcrumb":{"@id":"https:\/\/www.electricigniter.com\/sk\/podakovanie\/#breadcrumb"},"inLanguage":"sk-SK","potentialAction":[{"@type":"ReadAction","target":["https:\/\/www.electricigniter.com\/sk\/podakovanie\/"]}]},{"@type":"BreadcrumbList","@id":"https:\/\/www.electricigniter.com\/sk\/podakovanie\/#breadcrumb","itemListElement":[{"@type":"ListItem","position":1,"name":"\u00davod","item":"https:\/\/www.electricigniter.com\/sk\/"},{"@type":"ListItem","position":2,"name":"Po\u010fakovanie"}]},{"@type":"WebSite","@id":"https:\/\/www.electricigniter.com\/#website","url":"https:\/\/www.electricigniter.com\/","name":"Electric Igniters","description":"","publisher":{"@id":"https:\/\/www.electricigniter.com\/#organization"},"potentialAction":[{"@type":"SearchAction","target":{"@type":"EntryPoint","urlTemplate":"https:\/\/www.electricigniter.com\/?s={search_term_string}"},"query-input":"required name=search_term_string"}],"inLanguage":"sk-SK"},{"@type":"Organization","@id":"https:\/\/www.electricigniter.com\/#organization","name":"PYROEX","url":"https:\/\/www.electricigniter.com\/","logo":{"@type":"ImageObject","inLanguage":"sk-SK","@id":"https:\/\/www.electricigniter.com\/#\/schema\/logo\/image\/","url":"https:\/\/www.electricigniter.com\/wp-content\/uploads\/2019\/03\/logo-farebne-02-40px-privatex-pyro.png","contentUrl":"https:\/\/www.electricigniter.com\/wp-content\/uploads\/2019\/03\/logo-farebne-02-40px-privatex-pyro.png","width":233,"height":40,"caption":"PYROEX"},"image":{"@id":"https:\/\/www.electricigniter.com\/#\/schema\/logo\/image\/"}}]}},"_links":{"self":[{"href":"https:\/\/www.electricigniter.com\/sk\/wp-json\/wp\/v2\/pages\/6986"}],"collection":[{"href":"https:\/\/www.electricigniter.com\/sk\/wp-json\/wp\/v2\/pages"}],"about":[{"href":"https:\/\/www.electricigniter.com\/sk\/wp-json\/wp\/v2\/types\/page"}],"author":[{"embeddable":true,"href":"https:\/\/www.electricigniter.com\/sk\/wp-json\/wp\/v2\/users\/16"}],"replies":[{"embeddable":true,"href":"https:\/\/www.electricigniter.com\/sk\/wp-json\/wp\/v2\/comments?post=6986"}],"version-history":[{"count":0,"href":"https:\/\/www.electricigniter.com\/sk\/wp-json\/wp\/v2\/pages\/6986\/revisions"}],"wp:attachment":[{"href":"https:\/\/www.electricigniter.com\/sk\/wp-json\/wp\/v2\/media?parent=6986"}],"curies":[{"name":"wp","href":"https:\/\/api.w.org\/{rel}","templated":true}]}}