{"id":6917,"date":"2024-06-13T14:02:56","date_gmt":"2024-06-13T12:02:56","guid":{"rendered":"https:\/\/www.electricigniter.com\/?page_id=6917"},"modified":"2024-06-13T15:26:03","modified_gmt":"2024-06-13T13:26:03","slug":"elektricke-palniky","status":"publish","type":"page","link":"https:\/\/www.electricigniter.com\/sk\/elektricke-palniky\/","title":{"rendered":"Elektrick\u00e9 paln\u00edky"},"content":{"rendered":"\t\t<div data-elementor-type=\"wp-page\" data-elementor-id=\"6917\" class=\"elementor elementor-6917 elementor-4663\" data-elementor-post-type=\"page\">\n\t\t\t\t\t\t<section class=\"elementor-section elementor-top-section elementor-element elementor-element-bd0517f elementor-section-height-min-height elementor-section-boxed elementor-section-height-default elementor-section-items-middle\" data-id=\"bd0517f\" data-element_type=\"section\" data-settings=\"{&quot;jet_parallax_layout_list&quot;:[],&quot;background_background&quot;:&quot;classic&quot;,&quot;shape_divider_bottom&quot;:&quot;curve&quot;,&quot;shape_divider_bottom_negative&quot;:&quot;yes&quot;}\">\n\t\t\t\t\t\t\t<div class=\"elementor-background-overlay\"><\/div>\n\t\t\t\t\t\t<div class=\"elementor-shape elementor-shape-bottom\" data-negative=\"true\">\n\t\t\t<svg xmlns=\"http:\/\/www.w3.org\/2000\/svg\" viewBox=\"0 0 1000 100\" preserveAspectRatio=\"none\">\n\t<path class=\"elementor-shape-fill\" d=\"M500,97C126.7,96.3,0.8,19.8,0,0v100l1000,0V1C1000,19.4,873.3,97.8,500,97z\"\/>\n<\/svg>\t\t<\/div>\n\t\t\t\t\t<div class=\"elementor-container elementor-column-gap-default\">\n\t\t\t\t\t<div class=\"elementor-column elementor-col-100 elementor-top-column elementor-element elementor-element-fe89799\" data-id=\"fe89799\" data-element_type=\"column\">\n\t\t\t<div class=\"elementor-widget-wrap elementor-element-populated\">\n\t\t\t\t\t\t<div class=\"elementor-element elementor-element-7f548a7 elementor-widget elementor-widget-heading\" data-id=\"7f548a7\" data-element_type=\"widget\" data-widget_type=\"heading.default\">\n\t\t\t\t<div class=\"elementor-widget-container\">\n\t\t\t<h3 class=\"elementor-heading-title elementor-size-default\">EPX-NO | EPX-SO<\/h3>\t\t<\/div>\n\t\t\t\t<\/div>\n\t\t\t\t<div class=\"elementor-element elementor-element-f1d09ee elementor-widget-divider--view-line elementor-widget elementor-widget-divider\" data-id=\"f1d09ee\" data-element_type=\"widget\" data-widget_type=\"divider.default\">\n\t\t\t\t<div class=\"elementor-widget-container\">\n\t\t\t\t\t<div class=\"elementor-divider\">\n\t\t\t<span class=\"elementor-divider-separator\">\n\t\t\t\t\t\t<\/span>\n\t\t<\/div>\n\t\t\t\t<\/div>\n\t\t\t\t<\/div>\n\t\t\t\t<div class=\"elementor-element elementor-element-643251d nadpis elementor-widget elementor-widget-heading\" data-id=\"643251d\" data-element_type=\"widget\" data-widget_type=\"heading.default\">\n\t\t\t\t<div class=\"elementor-widget-container\">\n\t\t\t<h1 class=\"elementor-heading-title elementor-size-default\">Elektrick\u00e9 <span>paln\u00edky<\/span><\/h1>\t\t<\/div>\n\t\t\t\t<\/div>\n\t\t\t\t\t<\/div>\n\t\t<\/div>\n\t\t\t\t\t<\/div>\n\t\t<\/section>\n\t\t\t\t<section class=\"elementor-section elementor-top-section elementor-element elementor-element-d34090f elementor-section-boxed elementor-section-height-default elementor-section-height-default\" data-id=\"d34090f\" data-element_type=\"section\" data-settings=\"{&quot;jet_parallax_layout_list&quot;:[],&quot;background_background&quot;:&quot;classic&quot;}\">\n\t\t\t\t\t\t<div class=\"elementor-container elementor-column-gap-default\">\n\t\t\t\t\t<div class=\"elementor-column elementor-col-100 elementor-top-column elementor-element elementor-element-80775d0\" data-id=\"80775d0\" data-element_type=\"column\">\n\t\t\t<div class=\"elementor-widget-wrap elementor-element-populated\">\n\t\t\t\t\t\t<section class=\"elementor-section elementor-inner-section elementor-element elementor-element-303669c elementor-section-boxed elementor-section-height-default elementor-section-height-default\" data-id=\"303669c\" data-element_type=\"section\" data-settings=\"{&quot;jet_parallax_layout_list&quot;:[],&quot;background_background&quot;:&quot;classic&quot;}\">\n\t\t\t\t\t\t<div class=\"elementor-container elementor-column-gap-default\">\n\t\t\t\t\t<div class=\"elementor-column elementor-col-50 elementor-inner-column elementor-element elementor-element-8e0ba53\" data-id=\"8e0ba53\" data-element_type=\"column\">\n\t\t\t<div class=\"elementor-widget-wrap elementor-element-populated\">\n\t\t\t\t\t\t<div class=\"elementor-element elementor-element-72acb19 e-transform elementor-widget elementor-widget-image\" data-id=\"72acb19\" data-element_type=\"widget\" data-settings=\"{&quot;_transform_rotateZ_effect&quot;:{&quot;unit&quot;:&quot;px&quot;,&quot;size&quot;:0,&quot;sizes&quot;:[]},&quot;_transform_rotateZ_effect_tablet&quot;:{&quot;unit&quot;:&quot;deg&quot;,&quot;size&quot;:&quot;&quot;,&quot;sizes&quot;:[]},&quot;_transform_rotateZ_effect_mobile&quot;:{&quot;unit&quot;:&quot;deg&quot;,&quot;size&quot;:&quot;&quot;,&quot;sizes&quot;:[]}}\" data-widget_type=\"image.default\">\n\t\t\t\t<div class=\"elementor-widget-container\">\n\t\t\t\t\t\t\t\t\t\t\t\t\t\t<a href=\"\/sk\/elektricke-palniky\/epx-no\/\">\n\t\t\t\t\t\t\t<img fetchpriority=\"high\" decoding=\"async\" width=\"300\" height=\"299\" src=\"https:\/\/www.electricigniter.com\/wp-content\/uploads\/2024\/05\/EPX-NO-crimp.png\" class=\"elementor-animation-grow attachment-large size-large wp-image-6090\" alt=\"\" srcset=\"https:\/\/www.electricigniter.com\/wp-content\/uploads\/2024\/05\/EPX-NO-crimp.png 300w, https:\/\/www.electricigniter.com\/wp-content\/uploads\/2024\/05\/EPX-NO-crimp-150x150.png 150w\" sizes=\"(max-width: 300px) 100vw, 300px\" \/>\t\t\t\t\t\t\t\t<\/a>\n\t\t\t\t\t\t\t\t\t\t\t\t\t<\/div>\n\t\t\t\t<\/div>\n\t\t\t\t<div class=\"elementor-element elementor-element-a805f9d rozcestnik podnadpis elementor-widget elementor-widget-heading\" data-id=\"a805f9d\" data-element_type=\"widget\" data-widget_type=\"heading.default\">\n\t\t\t\t<div class=\"elementor-widget-container\">\n\t\t\t<h2 class=\"elementor-heading-title elementor-size-default\"><a href=\"\/sk\/elektricke-palniky\/epx-no\/\">EPX-NO<\/a><\/h2>\t\t<\/div>\n\t\t\t\t<\/div>\n\t\t\t\t<div class=\"elementor-element elementor-element-979454b nadpis elementor-widget elementor-widget-heading\" data-id=\"979454b\" data-element_type=\"widget\" data-widget_type=\"heading.default\">\n\t\t\t\t<div class=\"elementor-widget-container\">\n\t\t\t<h2 class=\"elementor-heading-title elementor-size-default\"><span>N\u00edzka<\/span> odolnos\u0165<\/h2>\t\t<\/div>\n\t\t\t\t<\/div>\n\t\t\t\t\t<\/div>\n\t\t<\/div>\n\t\t\t\t<div class=\"elementor-column elementor-col-50 elementor-inner-column elementor-element elementor-element-450c47a\" data-id=\"450c47a\" data-element_type=\"column\">\n\t\t\t<div class=\"elementor-widget-wrap elementor-element-populated\">\n\t\t\t\t\t\t<div class=\"elementor-element elementor-element-d3c994e e-transform elementor-widget elementor-widget-image\" data-id=\"d3c994e\" data-element_type=\"widget\" data-settings=\"{&quot;_transform_rotateZ_effect&quot;:{&quot;unit&quot;:&quot;px&quot;,&quot;size&quot;:-3,&quot;sizes&quot;:[]},&quot;_transform_rotateZ_effect_tablet&quot;:{&quot;unit&quot;:&quot;deg&quot;,&quot;size&quot;:&quot;&quot;,&quot;sizes&quot;:[]},&quot;_transform_rotateZ_effect_mobile&quot;:{&quot;unit&quot;:&quot;deg&quot;,&quot;size&quot;:&quot;&quot;,&quot;sizes&quot;:[]}}\" data-widget_type=\"image.default\">\n\t\t\t\t<div class=\"elementor-widget-container\">\n\t\t\t\t\t\t\t\t\t\t\t\t\t\t<a href=\"\/sk\/elektricke-palniky\/epx-so\/\">\n\t\t\t\t\t\t\t<img decoding=\"async\" width=\"300\" height=\"299\" src=\"https:\/\/www.electricigniter.com\/wp-content\/uploads\/2024\/06\/EPX-SO-1-green_PYROEX.png\" class=\"elementor-animation-grow attachment-full size-full wp-image-6324\" alt=\"\" srcset=\"https:\/\/www.electricigniter.com\/wp-content\/uploads\/2024\/06\/EPX-SO-1-green_PYROEX.png 300w, https:\/\/www.electricigniter.com\/wp-content\/uploads\/2024\/06\/EPX-SO-1-green_PYROEX-150x150.png 150w\" sizes=\"(max-width: 300px) 100vw, 300px\" \/>\t\t\t\t\t\t\t\t<\/a>\n\t\t\t\t\t\t\t\t\t\t\t\t\t<\/div>\n\t\t\t\t<\/div>\n\t\t\t\t<div class=\"elementor-element elementor-element-bbe338e rozcestnik podnadpis elementor-widget elementor-widget-heading\" data-id=\"bbe338e\" data-element_type=\"widget\" data-widget_type=\"heading.default\">\n\t\t\t\t<div class=\"elementor-widget-container\">\n\t\t\t<h2 class=\"elementor-heading-title elementor-size-default\"><a href=\"\/sk\/elektricke-palniky\/epx-so\/\">EPX-SO<\/a><\/h2>\t\t<\/div>\n\t\t\t\t<\/div>\n\t\t\t\t<div class=\"elementor-element elementor-element-9cda05e nadpis elementor-widget elementor-widget-heading\" data-id=\"9cda05e\" data-element_type=\"widget\" data-widget_type=\"heading.default\">\n\t\t\t\t<div class=\"elementor-widget-container\">\n\t\t\t<h2 class=\"elementor-heading-title elementor-size-default\"><span>Stredn\u00e1 <\/span>odolnos\u0165<\/h2>\t\t<\/div>\n\t\t\t\t<\/div>\n\t\t\t\t\t<\/div>\n\t\t<\/div>\n\t\t\t\t\t<\/div>\n\t\t<\/section>\n\t\t\t\t\t<\/div>\n\t\t<\/div>\n\t\t\t\t\t<\/div>\n\t\t<\/section>\n\t\t\t\t<\/div>\n\t\t","protected":false},"excerpt":{"rendered":"<p>EPX-NO | EPX-SO Elektrick\u00e9 paln\u00edky EPX-NO N\u00edzka odolnos\u0165 EPX-SO Stredn\u00e1 odolnos\u0165<\/p>\n","protected":false},"author":16,"featured_media":0,"parent":0,"menu_order":0,"comment_status":"closed","ping_status":"closed","template":"","meta":{"site-sidebar-layout":"no-sidebar","site-content-layout":"page-builder","ast-site-content-layout":"full-width-container","site-content-style":"default","site-sidebar-style":"default","ast-global-header-display":"","ast-banner-title-visibility":"","ast-main-header-display":"","ast-hfb-above-header-display":"","ast-hfb-below-header-display":"","ast-hfb-mobile-header-display":"","site-post-title":"disabled","ast-breadcrumbs-content":"","ast-featured-img":"disabled","footer-sml-layout":"","theme-transparent-header-meta":"default","adv-header-id-meta":"","stick-header-meta":"default","header-above-stick-meta":"","header-main-stick-meta":"","header-below-stick-meta":"","astra-migrate-meta-layouts":"set","ast-page-background-enabled":"default","ast-page-background-meta":{"desktop":{"background-color":"var(--ast-global-color-4)","background-image":"","background-repeat":"repeat","background-position":"center center","background-size":"auto","background-attachment":"scroll","background-type":"","background-media":"","overlay-type":"","overlay-color":"","overlay-opacity":"","overlay-gradient":""},"tablet":{"background-color":"","background-image":"","background-repeat":"repeat","background-position":"center center","background-size":"auto","background-attachment":"scroll","background-type":"","background-media":"","overlay-type":"","overlay-color":"","overlay-opacity":"","overlay-gradient":""},"mobile":{"background-color":"","background-image":"","background-repeat":"repeat","background-position":"center center","background-size":"auto","background-attachment":"scroll","background-type":"","background-media":"","overlay-type":"","overlay-color":"","overlay-opacity":"","overlay-gradient":""}},"ast-content-background-meta":{"desktop":{"background-color":"var(--ast-global-color-5)","background-image":"","background-repeat":"repeat","background-position":"center center","background-size":"auto","background-attachment":"scroll","background-type":"","background-media":"","overlay-type":"","overlay-color":"","overlay-opacity":"","overlay-gradient":""},"tablet":{"background-color":"var(--ast-global-color-5)","background-image":"","background-repeat":"repeat","background-position":"center center","background-size":"auto","background-attachment":"scroll","background-type":"","background-media":"","overlay-type":"","overlay-color":"","overlay-opacity":"","overlay-gradient":""},"mobile":{"background-color":"var(--ast-global-color-5)","background-image":"","background-repeat":"repeat","background-position":"center center","background-size":"auto","background-attachment":"scroll","background-type":"","background-media":"","overlay-type":"","overlay-color":"","overlay-opacity":"","overlay-gradient":""}},"footnotes":""},"yoast_head":"<!-- This site is optimized with the Yoast SEO plugin v22.9 - https:\/\/yoast.com\/wordpress\/plugins\/seo\/ -->\n<title>Elektrick\u00e9 paln\u00edky | Electric Igniters<\/title>\n<meta name=\"description\" content=\"EPX-NO | EPX-SO Elektrick\u00e9 paln\u00edky EPX-NO N\u00edzka odolnos\u0165 EPX-SO Stredn\u00e1\" \/>\n<meta name=\"robots\" content=\"index, follow, max-snippet:-1, max-image-preview:large, max-video-preview:-1\" \/>\n<link rel=\"canonical\" href=\"https:\/\/www.electricigniter.com\/sk\/elektricke-palniky\/\" \/>\n<meta property=\"og:locale\" content=\"sk_SK\" \/>\n<meta property=\"og:type\" content=\"article\" \/>\n<meta property=\"og:title\" content=\"Elektrick\u00e9 paln\u00edky | Electric Igniters\" \/>\n<meta property=\"og:description\" content=\"EPX-NO | EPX-SO Elektrick\u00e9 paln\u00edky EPX-NO N\u00edzka odolnos\u0165 EPX-SO Stredn\u00e1\" \/>\n<meta property=\"og:url\" content=\"https:\/\/www.electricigniter.com\/sk\/elektricke-palniky\/\" \/>\n<meta property=\"og:site_name\" content=\"Electric Igniters\" \/>\n<meta property=\"article:modified_time\" content=\"2024-06-13T13:26:03+00:00\" \/>\n<meta property=\"og:image\" content=\"https:\/\/www.electricigniter.com\/wp-content\/uploads\/2024\/05\/EPX-NO-crimp.png\" \/>\n<meta name=\"twitter:card\" content=\"summary_large_image\" \/>\n<meta name=\"twitter:label1\" content=\"Predpokladan\u00fd \u010das \u010d\u00edtania\" \/>\n\t<meta name=\"twitter:data1\" content=\"1 min\u00fata\" \/>\n<script type=\"application\/ld+json\" class=\"yoast-schema-graph\">{\"@context\":\"https:\/\/schema.org\",\"@graph\":[{\"@type\":\"WebPage\",\"@id\":\"https:\/\/www.electricigniter.com\/sk\/elektricke-palniky\/\",\"url\":\"https:\/\/www.electricigniter.com\/sk\/elektricke-palniky\/\",\"name\":\"Elektrick\u00e9 paln\u00edky | Electric Igniters\",\"isPartOf\":{\"@id\":\"https:\/\/www.electricigniter.com\/#website\"},\"primaryImageOfPage\":{\"@id\":\"https:\/\/www.electricigniter.com\/sk\/elektricke-palniky\/#primaryimage\"},\"image\":{\"@id\":\"https:\/\/www.electricigniter.com\/sk\/elektricke-palniky\/#primaryimage\"},\"thumbnailUrl\":\"https:\/\/www.electricigniter.com\/wp-content\/uploads\/2024\/05\/EPX-NO-crimp.png\",\"datePublished\":\"2024-06-13T12:02:56+00:00\",\"dateModified\":\"2024-06-13T13:26:03+00:00\",\"description\":\"EPX-NO | EPX-SO Elektrick\u00e9 paln\u00edky EPX-NO N\u00edzka odolnos\u0165 EPX-SO Stredn\u00e1\",\"breadcrumb\":{\"@id\":\"https:\/\/www.electricigniter.com\/sk\/elektricke-palniky\/#breadcrumb\"},\"inLanguage\":\"sk-SK\",\"potentialAction\":[{\"@type\":\"ReadAction\",\"target\":[\"https:\/\/www.electricigniter.com\/sk\/elektricke-palniky\/\"]}]},{\"@type\":\"ImageObject\",\"inLanguage\":\"sk-SK\",\"@id\":\"https:\/\/www.electricigniter.com\/sk\/elektricke-palniky\/#primaryimage\",\"url\":\"https:\/\/www.electricigniter.com\/wp-content\/uploads\/2024\/05\/EPX-NO-crimp.png\",\"contentUrl\":\"https:\/\/www.electricigniter.com\/wp-content\/uploads\/2024\/05\/EPX-NO-crimp.png\"},{\"@type\":\"BreadcrumbList\",\"@id\":\"https:\/\/www.electricigniter.com\/sk\/elektricke-palniky\/#breadcrumb\",\"itemListElement\":[{\"@type\":\"ListItem\",\"position\":1,\"name\":\"\u00davod\",\"item\":\"https:\/\/www.electricigniter.com\/sk\/\"},{\"@type\":\"ListItem\",\"position\":2,\"name\":\"Elektrick\u00e9 paln\u00edky\"}]},{\"@type\":\"WebSite\",\"@id\":\"https:\/\/www.electricigniter.com\/#website\",\"url\":\"https:\/\/www.electricigniter.com\/\",\"name\":\"Electric Igniters\",\"description\":\"\",\"publisher\":{\"@id\":\"https:\/\/www.electricigniter.com\/#organization\"},\"potentialAction\":[{\"@type\":\"SearchAction\",\"target\":{\"@type\":\"EntryPoint\",\"urlTemplate\":\"https:\/\/www.electricigniter.com\/?s={search_term_string}\"},\"query-input\":\"required name=search_term_string\"}],\"inLanguage\":\"sk-SK\"},{\"@type\":\"Organization\",\"@id\":\"https:\/\/www.electricigniter.com\/#organization\",\"name\":\"PYROEX\",\"url\":\"https:\/\/www.electricigniter.com\/\",\"logo\":{\"@type\":\"ImageObject\",\"inLanguage\":\"sk-SK\",\"@id\":\"https:\/\/www.electricigniter.com\/#\/schema\/logo\/image\/\",\"url\":\"https:\/\/www.electricigniter.com\/wp-content\/uploads\/2019\/03\/logo-farebne-02-40px-privatex-pyro.png\",\"contentUrl\":\"https:\/\/www.electricigniter.com\/wp-content\/uploads\/2019\/03\/logo-farebne-02-40px-privatex-pyro.png\",\"width\":233,\"height\":40,\"caption\":\"PYROEX\"},\"image\":{\"@id\":\"https:\/\/www.electricigniter.com\/#\/schema\/logo\/image\/\"}}]}<\/script>\n<!-- \/ Yoast SEO plugin. -->","yoast_head_json":{"title":"Elektrick\u00e9 paln\u00edky | Electric Igniters","description":"EPX-NO | EPX-SO Elektrick\u00e9 paln\u00edky EPX-NO N\u00edzka odolnos\u0165 EPX-SO Stredn\u00e1","robots":{"index":"index","follow":"follow","max-snippet":"max-snippet:-1","max-image-preview":"max-image-preview:large","max-video-preview":"max-video-preview:-1"},"canonical":"https:\/\/www.electricigniter.com\/sk\/elektricke-palniky\/","og_locale":"sk_SK","og_type":"article","og_title":"Elektrick\u00e9 paln\u00edky | Electric Igniters","og_description":"EPX-NO | EPX-SO Elektrick\u00e9 paln\u00edky EPX-NO N\u00edzka odolnos\u0165 EPX-SO Stredn\u00e1","og_url":"https:\/\/www.electricigniter.com\/sk\/elektricke-palniky\/","og_site_name":"Electric Igniters","article_modified_time":"2024-06-13T13:26:03+00:00","og_image":[{"url":"https:\/\/www.electricigniter.com\/wp-content\/uploads\/2024\/05\/EPX-NO-crimp.png"}],"twitter_card":"summary_large_image","twitter_misc":{"Predpokladan\u00fd \u010das \u010d\u00edtania":"1 min\u00fata"},"schema":{"@context":"https:\/\/schema.org","@graph":[{"@type":"WebPage","@id":"https:\/\/www.electricigniter.com\/sk\/elektricke-palniky\/","url":"https:\/\/www.electricigniter.com\/sk\/elektricke-palniky\/","name":"Elektrick\u00e9 paln\u00edky | Electric Igniters","isPartOf":{"@id":"https:\/\/www.electricigniter.com\/#website"},"primaryImageOfPage":{"@id":"https:\/\/www.electricigniter.com\/sk\/elektricke-palniky\/#primaryimage"},"image":{"@id":"https:\/\/www.electricigniter.com\/sk\/elektricke-palniky\/#primaryimage"},"thumbnailUrl":"https:\/\/www.electricigniter.com\/wp-content\/uploads\/2024\/05\/EPX-NO-crimp.png","datePublished":"2024-06-13T12:02:56+00:00","dateModified":"2024-06-13T13:26:03+00:00","description":"EPX-NO | EPX-SO Elektrick\u00e9 paln\u00edky EPX-NO N\u00edzka odolnos\u0165 EPX-SO Stredn\u00e1","breadcrumb":{"@id":"https:\/\/www.electricigniter.com\/sk\/elektricke-palniky\/#breadcrumb"},"inLanguage":"sk-SK","potentialAction":[{"@type":"ReadAction","target":["https:\/\/www.electricigniter.com\/sk\/elektricke-palniky\/"]}]},{"@type":"ImageObject","inLanguage":"sk-SK","@id":"https:\/\/www.electricigniter.com\/sk\/elektricke-palniky\/#primaryimage","url":"https:\/\/www.electricigniter.com\/wp-content\/uploads\/2024\/05\/EPX-NO-crimp.png","contentUrl":"https:\/\/www.electricigniter.com\/wp-content\/uploads\/2024\/05\/EPX-NO-crimp.png"},{"@type":"BreadcrumbList","@id":"https:\/\/www.electricigniter.com\/sk\/elektricke-palniky\/#breadcrumb","itemListElement":[{"@type":"ListItem","position":1,"name":"\u00davod","item":"https:\/\/www.electricigniter.com\/sk\/"},{"@type":"ListItem","position":2,"name":"Elektrick\u00e9 paln\u00edky"}]},{"@type":"WebSite","@id":"https:\/\/www.electricigniter.com\/#website","url":"https:\/\/www.electricigniter.com\/","name":"Electric Igniters","description":"","publisher":{"@id":"https:\/\/www.electricigniter.com\/#organization"},"potentialAction":[{"@type":"SearchAction","target":{"@type":"EntryPoint","urlTemplate":"https:\/\/www.electricigniter.com\/?s={search_term_string}"},"query-input":"required name=search_term_string"}],"inLanguage":"sk-SK"},{"@type":"Organization","@id":"https:\/\/www.electricigniter.com\/#organization","name":"PYROEX","url":"https:\/\/www.electricigniter.com\/","logo":{"@type":"ImageObject","inLanguage":"sk-SK","@id":"https:\/\/www.electricigniter.com\/#\/schema\/logo\/image\/","url":"https:\/\/www.electricigniter.com\/wp-content\/uploads\/2019\/03\/logo-farebne-02-40px-privatex-pyro.png","contentUrl":"https:\/\/www.electricigniter.com\/wp-content\/uploads\/2019\/03\/logo-farebne-02-40px-privatex-pyro.png","width":233,"height":40,"caption":"PYROEX"},"image":{"@id":"https:\/\/www.electricigniter.com\/#\/schema\/logo\/image\/"}}]}},"_links":{"self":[{"href":"https:\/\/www.electricigniter.com\/sk\/wp-json\/wp\/v2\/pages\/6917"}],"collection":[{"href":"https:\/\/www.electricigniter.com\/sk\/wp-json\/wp\/v2\/pages"}],"about":[{"href":"https:\/\/www.electricigniter.com\/sk\/wp-json\/wp\/v2\/types\/page"}],"author":[{"embeddable":true,"href":"https:\/\/www.electricigniter.com\/sk\/wp-json\/wp\/v2\/users\/16"}],"replies":[{"embeddable":true,"href":"https:\/\/www.electricigniter.com\/sk\/wp-json\/wp\/v2\/comments?post=6917"}],"version-history":[{"count":0,"href":"https:\/\/www.electricigniter.com\/sk\/wp-json\/wp\/v2\/pages\/6917\/revisions"}],"wp:attachment":[{"href":"https:\/\/www.electricigniter.com\/sk\/wp-json\/wp\/v2\/media?parent=6917"}],"curies":[{"name":"wp","href":"https:\/\/api.w.org\/{rel}","templated":true}]}}