{"id":6808,"date":"2024-06-13T11:28:03","date_gmt":"2024-06-13T09:28:03","guid":{"rendered":"https:\/\/www.electricigniter.com\/?page_id=6808"},"modified":"2024-07-01T10:35:41","modified_gmt":"2024-07-01T08:35:41","slug":"technicke-parametre","status":"publish","type":"page","link":"https:\/\/www.electricigniter.com\/sk\/technicke-parametre\/","title":{"rendered":"Technick\u00e9 parametre"},"content":{"rendered":"\t\t<div data-elementor-type=\"wp-page\" data-elementor-id=\"6808\" class=\"elementor elementor-6808 elementor-4673\" data-elementor-post-type=\"page\">\n\t\t\t\t\t\t<section class=\"elementor-section elementor-top-section elementor-element elementor-element-5d11747 elementor-section-boxed elementor-section-height-default elementor-section-height-default\" data-id=\"5d11747\" data-element_type=\"section\" data-settings=\"{&quot;jet_parallax_layout_list&quot;:[],&quot;background_background&quot;:&quot;gradient&quot;}\">\n\t\t\t\t\t\t\t<div class=\"elementor-background-overlay\"><\/div>\n\t\t\t\t\t\t\t<div class=\"elementor-container elementor-column-gap-default\">\n\t\t\t\t\t<div class=\"elementor-column elementor-col-100 elementor-top-column elementor-element elementor-element-0e4e2eb\" data-id=\"0e4e2eb\" data-element_type=\"column\" data-settings=\"{&quot;background_background&quot;:&quot;classic&quot;}\">\n\t\t\t<div class=\"elementor-widget-wrap elementor-element-populated\">\n\t\t\t\t\t\t<div class=\"elementor-element elementor-element-73eddbd elementor-align-left elementor-widget elementor-widget-breadcrumbs\" data-id=\"73eddbd\" data-element_type=\"widget\" data-widget_type=\"breadcrumbs.default\">\n\t\t\t\t<div class=\"elementor-widget-container\">\n\t\t\t<p id=\"breadcrumbs\"><span><span><a href=\"https:\/\/www.electricigniter.com\/sk\/\">\u00davod<\/a><\/span><\/span><\/p>\t\t<\/div>\n\t\t\t\t<\/div>\n\t\t\t\t<section class=\"elementor-section elementor-inner-section elementor-element elementor-element-4416320 elementor-section-boxed elementor-section-height-default elementor-section-height-default\" data-id=\"4416320\" data-element_type=\"section\" data-settings=\"{&quot;jet_parallax_layout_list&quot;:[]}\">\n\t\t\t\t\t\t<div class=\"elementor-container elementor-column-gap-default\">\n\t\t\t\t\t<div class=\"elementor-column elementor-col-50 elementor-inner-column elementor-element elementor-element-8e9b266\" data-id=\"8e9b266\" data-element_type=\"column\">\n\t\t\t<div class=\"elementor-widget-wrap elementor-element-populated\">\n\t\t\t\t\t\t<div class=\"elementor-element elementor-element-24d9b59 nadpis elementor-widget elementor-widget-heading\" data-id=\"24d9b59\" data-element_type=\"widget\" data-widget_type=\"heading.default\">\n\t\t\t\t<div class=\"elementor-widget-container\">\n\t\t\t<h1 class=\"elementor-heading-title elementor-size-default\">Technick\u00e9 <span>parametre<\/span><\/h1>\t\t<\/div>\n\t\t\t\t<\/div>\n\t\t\t\t<div class=\"elementor-element elementor-element-9e83706 elementor-widget-divider--view-line elementor-widget elementor-widget-divider\" data-id=\"9e83706\" data-element_type=\"widget\" data-widget_type=\"divider.default\">\n\t\t\t\t<div class=\"elementor-widget-container\">\n\t\t\t\t\t<div class=\"elementor-divider\">\n\t\t\t<span class=\"elementor-divider-separator\">\n\t\t\t\t\t\t<\/span>\n\t\t<\/div>\n\t\t\t\t<\/div>\n\t\t\t\t<\/div>\n\t\t\t\t<div class=\"elementor-element elementor-element-1676ad5 podnadpis elementor-widget elementor-widget-heading\" data-id=\"1676ad5\" data-element_type=\"widget\" data-widget_type=\"heading.default\">\n\t\t\t\t<div class=\"elementor-widget-container\">\n\t\t\t<h2 class=\"elementor-heading-title elementor-size-default\">Pre elektrick\u00e9 paln\u00edky EPX-NO a EPX-SO<\/h2>\t\t<\/div>\n\t\t\t\t<\/div>\n\t\t\t\t\t<\/div>\n\t\t<\/div>\n\t\t\t\t<div class=\"elementor-column elementor-col-50 elementor-inner-column elementor-element elementor-element-de26676\" data-id=\"de26676\" data-element_type=\"column\">\n\t\t\t<div class=\"elementor-widget-wrap\">\n\t\t\t\t\t\t\t<\/div>\n\t\t<\/div>\n\t\t\t\t\t<\/div>\n\t\t<\/section>\n\t\t\t\t<div class=\"elementor-element elementor-element-572dc37 tabulka elementor-widget elementor-widget-shortcode\" data-id=\"572dc37\" data-element_type=\"widget\" data-widget_type=\"shortcode.default\">\n\t\t\t\t<div class=\"elementor-widget-container\">\n\t\t\t\t\t<div class=\"elementor-shortcode\">\n<table id=\"tablepress-3\" class=\"tablepress tablepress-id-3\">\n<thead>\n<tr class=\"row-1 odd\">\n\t<th colspan=\"3\" class=\"column-1\"><strong>TECHNICK\u00c9 A ELEKTRICK\u00c9 PARAMETRE ELEKTRICK\u00ddCH PALN\u00cdKOV<\/strong><\/th>\n<\/tr>\n<\/thead>\n<tbody class=\"row-hover\">\n<tr class=\"row-2 even\">\n\t<td class=\"column-1\"><strong>TYP EL.PILULE<\/strong><\/td><td class=\"column-2\"><strong>EPX-NO<\/strong><\/td><td class=\"column-3\"><strong>EPX-SO<\/strong><\/td>\n<\/tr>\n<tr class=\"row-3 odd\">\n\t<td class=\"column-1\">Materi\u00e1l ochrann\u00fdch krytiek<\/td><td class=\"column-2\">termoplast<\/td><td class=\"column-3\">termoplast<\/td>\n<\/tr>\n<tr class=\"row-4 even\">\n\t<td class=\"column-1\">Pr\u00edvodn\u00fd vodi\u010d<\/td><td class=\"column-2\">Cu, priemer jadra 0,45mm+0,05<\/td><td class=\"column-3\">Cu, priemer jadra 0,45mm+0,05<\/td>\n<\/tr>\n<tr class=\"row-5 odd\">\n\t<td class=\"column-1\">Farba vodi\u010dov<\/td><td class=\"column-2\">r\u00f4zna<\/td><td class=\"column-3\">r\u00f4zna<\/td>\n<\/tr>\n<tr class=\"row-6 even\">\n\t<td class=\"column-1\">D\u013a\u017eky vodi\u010dov<\/td><td class=\"column-2\">2m (0,3m, 0,5m, 1m, 1,5m, 2,5m, 3m, 4m, 5m, 10m)<\/td><td class=\"column-3\">2m (0,3m, 0,5m, 1m, 1,5m, 2,5m, 3m, 4m, 5m, 10m)<\/td>\n<\/tr>\n<tr class=\"row-7 odd\">\n\t<td class=\"column-1\">Maxim\u00e1lny odpor el.paln\u00edka (2m)<\/td><td class=\"column-2\">2,4 \u03a9<\/td><td class=\"column-3\">1 \u03a9<\/td>\n<\/tr>\n<tr class=\"row-8 even\">\n\t<td class=\"column-1\">Odpor el.pilule<\/td><td class=\"column-2\">1,5-1,7 \u03a9 alebo (1,7-1,9 \u03a9)<\/td><td class=\"column-3\">0,48-0,52 \u03a9 alebo (0,52-0,56 \u03a9)<\/td>\n<\/tr>\n<tr class=\"row-9 odd\">\n\t<td class=\"column-1\">Roznetn\u00fd pr\u00fad<\/td><td class=\"column-2\">1 A (impulz 4ms), alebo 3 A (impulz 1ms)<\/td><td class=\"column-3\">2,12 A \/ 4ms<\/td>\n<\/tr>\n<tr class=\"row-10 even\">\n\t<td class=\"column-1\">Bezpe\u010dn\u00fd pr\u00fad<\/td><td class=\"column-2\">0,18 A (po dobu 5min.)<\/td><td class=\"column-3\">0,45 A (po dobu 5min.)<\/td>\n<\/tr>\n<tr class=\"row-11 odd\">\n\t<td class=\"column-1\">Bezpe\u010dn\u00fd impulz<\/td><td class=\"column-2\">0,8 mJ\/\u03a9<\/td><td class=\"column-3\">8 mJ\/\u03a9<\/td>\n<\/tr>\n<tr class=\"row-12 even\">\n\t<td class=\"column-1\">Z\u00e1\u017eehov\u00fd impulz<\/td><td class=\"column-2\">3 mJ\/\u03a9<\/td><td class=\"column-3\">16 mJ\/\u03a9<\/td>\n<\/tr>\n<tr class=\"row-13 odd\">\n\t<td class=\"column-1\">Odolnos\u0165 proti statickej elektrine<\/td><td class=\"column-2\">4 kV\/C - 300 pF<\/td><td class=\"column-3\">4 kV\/C - 2000 pF<\/td>\n<\/tr>\n<tr class=\"row-14 even\">\n\t<td class=\"column-1\">Elektrick\u00e1 pevnos\u0165<\/td><td class=\"column-2\">1,5 kV<\/td><td class=\"column-3\">1,5 kV<\/td>\n<\/tr>\n<tr class=\"row-15 odd\">\n\t<td class=\"column-1\">Odolnos\u0165 proti vodn\u00e9mu tlaku<\/td><td class=\"column-2\">2 kPa (po\u010das 3hod.)<\/td><td class=\"column-3\">2 kPa (po\u010das 3hod.)<\/td>\n<\/tr>\n<tr class=\"row-16 even\">\n\t<td class=\"column-1\">Teplotn\u00fd rozsah<\/td><td class=\"column-2\">         -20\u00b0C a\u017e +40\u00b0C<\/td><td class=\"column-3\">         -20\u00b0C a\u017e +40\u00b0C<\/td>\n<\/tr>\n<tr class=\"row-17 odd\">\n\t<td class=\"column-1\">Z\u00e1ru\u010dn\u00e1 doba<\/td><td class=\"column-2\">12 mesiacov od dodania<\/td><td class=\"column-3\">12 mesiacov od dodania<\/td>\n<\/tr>\n<tr class=\"row-18 even\">\n\t<td class=\"column-1\">Doba spotreby v p\u00f4vodnom obale<\/td><td class=\"column-2\">24 mesiacov od d\u00e1tumu v\u00fdroby<\/td><td class=\"column-3\">24 mesiacov od d\u00e1tumu v\u00fdroby<\/td>\n<\/tr>\n<\/tbody>\n<\/table>\n<!-- #tablepress-3 from cache --><\/div>\n\t\t\t\t<\/div>\n\t\t\t\t<\/div>\n\t\t\t\t<div class=\"elementor-element elementor-element-1076296 elementor-widget elementor-widget-text-editor\" data-id=\"1076296\" data-element_type=\"widget\" data-widget_type=\"text-editor.default\">\n\t\t\t\t<div class=\"elementor-widget-container\">\n\t\t\t\t\t\t\t<p><strong>UPOZORNENIE:<\/strong> do jedn\u00e9ho elektrick\u00e9ho obvodu zapojujte iba el.paln\u00edky s\u00a0rovnak\u00fdmi elektrick\u00fdmi parametrami a\u00a0od rovnak\u00e9ho v\u00fdrobcu.<\/p>\t\t\t\t\t\t<\/div>\n\t\t\t\t<\/div>\n\t\t\t\t\t<\/div>\n\t\t<\/div>\n\t\t\t\t\t<\/div>\n\t\t<\/section>\n\t\t\t\t<section class=\"elementor-section elementor-top-section elementor-element elementor-element-6027d97 elementor-section-full_width cta-row-wrap elementor-section-height-default elementor-section-height-default\" data-id=\"6027d97\" data-element_type=\"section\" data-settings=\"{&quot;jet_parallax_layout_list&quot;:[]}\">\n\t\t\t\t\t\t<div class=\"elementor-container elementor-column-gap-default\">\n\t\t\t\t\t<div class=\"elementor-column elementor-col-100 elementor-top-column elementor-element elementor-element-575e69e\" data-id=\"575e69e\" data-element_type=\"column\">\n\t\t\t<div class=\"elementor-widget-wrap elementor-element-populated\">\n\t\t\t\t\t\t<div class=\"elementor-element elementor-element-2999d23 elementor-widget elementor-widget-shortcode\" data-id=\"2999d23\" data-element_type=\"widget\" data-widget_type=\"shortcode.default\">\n\t\t\t\t<div class=\"elementor-widget-container\">\n\t\t\t\t\t<div class=\"elementor-shortcode\">\t\t<div data-elementor-type=\"section\" data-elementor-id=\"6861\" class=\"elementor elementor-6861 elementor-6828\" data-elementor-post-type=\"elementor_library\">\n\t\t\t\t\t<section class=\"elementor-section elementor-top-section elementor-element elementor-element-49d0959 elementor-section-height-min-height elementor-section-boxed elementor-section-height-default elementor-section-items-middle\" data-id=\"49d0959\" data-element_type=\"section\" data-settings=\"{&quot;jet_parallax_layout_list&quot;:[],&quot;background_background&quot;:&quot;classic&quot;}\">\n\t\t\t\t\t\t\t<div class=\"elementor-background-overlay\"><\/div>\n\t\t\t\t\t\t\t<div class=\"elementor-container elementor-column-gap-default\">\n\t\t\t\t\t<div class=\"elementor-column elementor-col-50 elementor-top-column elementor-element elementor-element-eefe2ae elementor-hidden-tablet elementor-hidden-mobile\" data-id=\"eefe2ae\" data-element_type=\"column\">\n\t\t\t<div class=\"elementor-widget-wrap\">\n\t\t\t\t\t\t\t<\/div>\n\t\t<\/div>\n\t\t\t\t<div class=\"elementor-column elementor-col-50 elementor-top-column elementor-element elementor-element-86b9984\" data-id=\"86b9984\" data-element_type=\"column\" data-settings=\"{&quot;background_background&quot;:&quot;classic&quot;}\">\n\t\t\t<div class=\"elementor-widget-wrap elementor-element-populated\">\n\t\t\t\t\t\t<div class=\"elementor-element elementor-element-d91f596 nadpis elementor-widget elementor-widget-heading\" data-id=\"d91f596\" data-element_type=\"widget\" data-widget_type=\"heading.default\">\n\t\t\t\t<div class=\"elementor-widget-container\">\n\t\t\t<h2 class=\"elementor-heading-title elementor-size-default\"><span>Odp\u00e1\u013ete \u00faspech<\/span> s&nbsp;PYROEX<\/h2>\t\t<\/div>\n\t\t\t\t<\/div>\n\t\t\t\t<div class=\"elementor-element elementor-element-90d19f9 podnadpis elementor-widget elementor-widget-heading\" data-id=\"90d19f9\" data-element_type=\"widget\" data-widget_type=\"heading.default\">\n\t\t\t\t<div class=\"elementor-widget-container\">\n\t\t\t<h2 class=\"elementor-heading-title elementor-size-default\">Pokra\u010dovanie v dedi\u010dstve dokonalosti v pyrotechnike!<\/h2>\t\t<\/div>\n\t\t\t\t<\/div>\n\t\t\t\t<div class=\"elementor-element elementor-element-07eaf09 elementor-widget elementor-widget-text-editor\" data-id=\"07eaf09\" data-element_type=\"widget\" data-widget_type=\"text-editor.default\">\n\t\t\t\t<div class=\"elementor-widget-container\">\n\t\t\t\t\t\t\t<p>Ste pripraven\u00ed rozsvieti\u0165 oblohu t\u00fdm najlep\u0161\u00edm v pyrotechnike? Kontaktujte PYROEX e\u0161te dnes, aby ste odp\u00e1lili svoj \u00faspech! Spoznajte na\u0161e produkty svetovej triedy, d\u00f4veryhodn\u00e9 odborn\u00e9 znalosti a bezprobl\u00e9mov\u00e9 slu\u017eby. <strong>Vytvorme spolu nezabudnute\u013en\u00e9 chv\u00edle!<\/strong><\/p>\t\t\t\t\t\t<\/div>\n\t\t\t\t<\/div>\n\t\t\t\t<div class=\"elementor-element elementor-element-6362eee tlacidlo elementor-widget elementor-widget-button\" data-id=\"6362eee\" data-element_type=\"widget\" data-widget_type=\"button.default\">\n\t\t\t\t<div class=\"elementor-widget-container\">\n\t\t\t\t\t<div class=\"elementor-button-wrapper\">\n\t\t\t<a class=\"elementor-button elementor-button-link elementor-size-sm\" href=\"\/sk\/kontakt\/\">\n\t\t\t\t\t\t<span class=\"elementor-button-content-wrapper\">\n\t\t\t\t\t\t<span class=\"elementor-button-icon\">\n\t\t\t\t<i aria-hidden=\"true\" class=\"fas fa-long-arrow-alt-right\"><\/i>\t\t\t<\/span>\n\t\t\t\t\t\t\t\t\t<span class=\"elementor-button-text\">Kontaktuje n\u00e1s<\/span>\n\t\t\t\t\t<\/span>\n\t\t\t\t\t<\/a>\n\t\t<\/div>\n\t\t\t\t<\/div>\n\t\t\t\t<\/div>\n\t\t\t\t\t<\/div>\n\t\t<\/div>\n\t\t\t\t\t<\/div>\n\t\t<\/section>\n\t\t\t\t<\/div>\n\t\t<\/div>\n\t\t\t\t<\/div>\n\t\t\t\t<\/div>\n\t\t\t\t\t<\/div>\n\t\t<\/div>\n\t\t\t\t\t<\/div>\n\t\t<\/section>\n\t\t\t\t<\/div>\n\t\t","protected":false},"excerpt":{"rendered":"<p>Technick\u00e9 parametre Pre elektrick\u00e9 paln\u00edky EPX-NO a EPX-SO UPOZORNENIE: do jedn\u00e9ho elektrick\u00e9ho obvodu zapojujte iba el.paln\u00edky s\u00a0rovnak\u00fdmi elektrick\u00fdmi parametrami a\u00a0od rovnak\u00e9ho v\u00fdrobcu.<\/p>\n","protected":false},"author":16,"featured_media":0,"parent":0,"menu_order":0,"comment_status":"closed","ping_status":"closed","template":"","meta":{"site-sidebar-layout":"no-sidebar","site-content-layout":"page-builder","ast-site-content-layout":"full-width-container","site-content-style":"default","site-sidebar-style":"default","ast-global-header-display":"","ast-banner-title-visibility":"","ast-main-header-display":"","ast-hfb-above-header-display":"","ast-hfb-below-header-display":"","ast-hfb-mobile-header-display":"","site-post-title":"disabled","ast-breadcrumbs-content":"","ast-featured-img":"disabled","footer-sml-layout":"","theme-transparent-header-meta":"default","adv-header-id-meta":"","stick-header-meta":"default","header-above-stick-meta":"","header-main-stick-meta":"","header-below-stick-meta":"","astra-migrate-meta-layouts":"set","ast-page-background-enabled":"default","ast-page-background-meta":{"desktop":{"background-color":"var(--ast-global-color-4)","background-image":"","background-repeat":"repeat","background-position":"center center","background-size":"auto","background-attachment":"scroll","background-type":"","background-media":"","overlay-type":"","overlay-color":"","overlay-opacity":"","overlay-gradient":""},"tablet":{"background-color":"","background-image":"","background-repeat":"repeat","background-position":"center center","background-size":"auto","background-attachment":"scroll","background-type":"","background-media":"","overlay-type":"","overlay-color":"","overlay-opacity":"","overlay-gradient":""},"mobile":{"background-color":"","background-image":"","background-repeat":"repeat","background-position":"center center","background-size":"auto","background-attachment":"scroll","background-type":"","background-media":"","overlay-type":"","overlay-color":"","overlay-opacity":"","overlay-gradient":""}},"ast-content-background-meta":{"desktop":{"background-color":"var(--ast-global-color-5)","background-image":"","background-repeat":"repeat","background-position":"center center","background-size":"auto","background-attachment":"scroll","background-type":"","background-media":"","overlay-type":"","overlay-color":"","overlay-opacity":"","overlay-gradient":""},"tablet":{"background-color":"var(--ast-global-color-5)","background-image":"","background-repeat":"repeat","background-position":"center center","background-size":"auto","background-attachment":"scroll","background-type":"","background-media":"","overlay-type":"","overlay-color":"","overlay-opacity":"","overlay-gradient":""},"mobile":{"background-color":"var(--ast-global-color-5)","background-image":"","background-repeat":"repeat","background-position":"center center","background-size":"auto","background-attachment":"scroll","background-type":"","background-media":"","overlay-type":"","overlay-color":"","overlay-opacity":"","overlay-gradient":""}},"footnotes":""},"yoast_head":"<!-- This site is optimized with the Yoast SEO plugin v22.9 - https:\/\/yoast.com\/wordpress\/plugins\/seo\/ -->\n<title>Technick\u00e9 parametre | Electric Igniters<\/title>\n<meta name=\"description\" content=\"Technick\u00e9 parametre Pre elektrick\u00e9 paln\u00edky EPX-NO a EPX-SO UPOZORNENIE: do jedn\u00e9ho elektrick\u00e9ho obvodu zapojujte iba el.paln\u00edky s\u00a0rovnak\u00fdmi elektrick\u00fdmi\" \/>\n<meta name=\"robots\" content=\"index, follow, max-snippet:-1, max-image-preview:large, max-video-preview:-1\" \/>\n<link rel=\"canonical\" href=\"https:\/\/www.electricigniter.com\/sk\/technicke-parametre\/\" \/>\n<meta property=\"og:locale\" content=\"sk_SK\" \/>\n<meta property=\"og:type\" content=\"article\" \/>\n<meta property=\"og:title\" content=\"Technick\u00e9 parametre | Electric Igniters\" \/>\n<meta property=\"og:description\" content=\"Technick\u00e9 parametre Pre elektrick\u00e9 paln\u00edky EPX-NO a EPX-SO UPOZORNENIE: do jedn\u00e9ho elektrick\u00e9ho obvodu zapojujte iba el.paln\u00edky s\u00a0rovnak\u00fdmi elektrick\u00fdmi\" \/>\n<meta property=\"og:url\" content=\"https:\/\/www.electricigniter.com\/sk\/technicke-parametre\/\" \/>\n<meta property=\"og:site_name\" content=\"Electric Igniters\" \/>\n<meta property=\"article:modified_time\" content=\"2024-07-01T08:35:41+00:00\" \/>\n<meta property=\"og:image\" content=\"https:\/\/www.electricigniter.com\/wp-content\/uploads\/2019\/08\/fb-privatex-pyro.jpg\" \/>\n\t<meta property=\"og:image:width\" content=\"1200\" \/>\n\t<meta property=\"og:image:height\" content=\"627\" \/>\n\t<meta property=\"og:image:type\" content=\"image\/jpeg\" \/>\n<meta name=\"twitter:card\" content=\"summary_large_image\" \/>\n<meta name=\"twitter:label1\" content=\"Predpokladan\u00fd \u010das \u010d\u00edtania\" \/>\n\t<meta name=\"twitter:data1\" content=\"1 min\u00fata\" \/>\n<script type=\"application\/ld+json\" class=\"yoast-schema-graph\">{\"@context\":\"https:\/\/schema.org\",\"@graph\":[{\"@type\":\"WebPage\",\"@id\":\"https:\/\/www.electricigniter.com\/sk\/technicke-parametre\/\",\"url\":\"https:\/\/www.electricigniter.com\/sk\/technicke-parametre\/\",\"name\":\"Technick\u00e9 parametre | Electric Igniters\",\"isPartOf\":{\"@id\":\"https:\/\/www.electricigniter.com\/#website\"},\"datePublished\":\"2024-06-13T09:28:03+00:00\",\"dateModified\":\"2024-07-01T08:35:41+00:00\",\"description\":\"Technick\u00e9 parametre Pre elektrick\u00e9 paln\u00edky EPX-NO a EPX-SO UPOZORNENIE: do jedn\u00e9ho elektrick\u00e9ho obvodu zapojujte iba el.paln\u00edky s\u00a0rovnak\u00fdmi elektrick\u00fdmi\",\"breadcrumb\":{\"@id\":\"https:\/\/www.electricigniter.com\/sk\/technicke-parametre\/#breadcrumb\"},\"inLanguage\":\"sk-SK\",\"potentialAction\":[{\"@type\":\"ReadAction\",\"target\":[\"https:\/\/www.electricigniter.com\/sk\/technicke-parametre\/\"]}]},{\"@type\":\"BreadcrumbList\",\"@id\":\"https:\/\/www.electricigniter.com\/sk\/technicke-parametre\/#breadcrumb\",\"itemListElement\":[{\"@type\":\"ListItem\",\"position\":1,\"name\":\"\u00davod\",\"item\":\"https:\/\/www.electricigniter.com\/sk\/\"},{\"@type\":\"ListItem\",\"position\":2,\"name\":\"Technick\u00e9 parametre\"}]},{\"@type\":\"WebSite\",\"@id\":\"https:\/\/www.electricigniter.com\/#website\",\"url\":\"https:\/\/www.electricigniter.com\/\",\"name\":\"Electric Igniters\",\"description\":\"\",\"publisher\":{\"@id\":\"https:\/\/www.electricigniter.com\/#organization\"},\"potentialAction\":[{\"@type\":\"SearchAction\",\"target\":{\"@type\":\"EntryPoint\",\"urlTemplate\":\"https:\/\/www.electricigniter.com\/?s={search_term_string}\"},\"query-input\":\"required name=search_term_string\"}],\"inLanguage\":\"sk-SK\"},{\"@type\":\"Organization\",\"@id\":\"https:\/\/www.electricigniter.com\/#organization\",\"name\":\"PYROEX\",\"url\":\"https:\/\/www.electricigniter.com\/\",\"logo\":{\"@type\":\"ImageObject\",\"inLanguage\":\"sk-SK\",\"@id\":\"https:\/\/www.electricigniter.com\/#\/schema\/logo\/image\/\",\"url\":\"https:\/\/www.electricigniter.com\/wp-content\/uploads\/2019\/03\/logo-farebne-02-40px-privatex-pyro.png\",\"contentUrl\":\"https:\/\/www.electricigniter.com\/wp-content\/uploads\/2019\/03\/logo-farebne-02-40px-privatex-pyro.png\",\"width\":233,\"height\":40,\"caption\":\"PYROEX\"},\"image\":{\"@id\":\"https:\/\/www.electricigniter.com\/#\/schema\/logo\/image\/\"}}]}<\/script>\n<!-- \/ Yoast SEO plugin. -->","yoast_head_json":{"title":"Technick\u00e9 parametre | Electric Igniters","description":"Technick\u00e9 parametre Pre elektrick\u00e9 paln\u00edky EPX-NO a EPX-SO UPOZORNENIE: do jedn\u00e9ho elektrick\u00e9ho obvodu zapojujte iba el.paln\u00edky s\u00a0rovnak\u00fdmi elektrick\u00fdmi","robots":{"index":"index","follow":"follow","max-snippet":"max-snippet:-1","max-image-preview":"max-image-preview:large","max-video-preview":"max-video-preview:-1"},"canonical":"https:\/\/www.electricigniter.com\/sk\/technicke-parametre\/","og_locale":"sk_SK","og_type":"article","og_title":"Technick\u00e9 parametre | Electric Igniters","og_description":"Technick\u00e9 parametre Pre elektrick\u00e9 paln\u00edky EPX-NO a EPX-SO UPOZORNENIE: do jedn\u00e9ho elektrick\u00e9ho obvodu zapojujte iba el.paln\u00edky s\u00a0rovnak\u00fdmi elektrick\u00fdmi","og_url":"https:\/\/www.electricigniter.com\/sk\/technicke-parametre\/","og_site_name":"Electric Igniters","article_modified_time":"2024-07-01T08:35:41+00:00","og_image":[{"width":1200,"height":627,"url":"https:\/\/www.electricigniter.com\/wp-content\/uploads\/2019\/08\/fb-privatex-pyro.jpg","type":"image\/jpeg"}],"twitter_card":"summary_large_image","twitter_misc":{"Predpokladan\u00fd \u010das \u010d\u00edtania":"1 min\u00fata"},"schema":{"@context":"https:\/\/schema.org","@graph":[{"@type":"WebPage","@id":"https:\/\/www.electricigniter.com\/sk\/technicke-parametre\/","url":"https:\/\/www.electricigniter.com\/sk\/technicke-parametre\/","name":"Technick\u00e9 parametre | Electric Igniters","isPartOf":{"@id":"https:\/\/www.electricigniter.com\/#website"},"datePublished":"2024-06-13T09:28:03+00:00","dateModified":"2024-07-01T08:35:41+00:00","description":"Technick\u00e9 parametre Pre elektrick\u00e9 paln\u00edky EPX-NO a EPX-SO UPOZORNENIE: do jedn\u00e9ho elektrick\u00e9ho obvodu zapojujte iba el.paln\u00edky s\u00a0rovnak\u00fdmi elektrick\u00fdmi","breadcrumb":{"@id":"https:\/\/www.electricigniter.com\/sk\/technicke-parametre\/#breadcrumb"},"inLanguage":"sk-SK","potentialAction":[{"@type":"ReadAction","target":["https:\/\/www.electricigniter.com\/sk\/technicke-parametre\/"]}]},{"@type":"BreadcrumbList","@id":"https:\/\/www.electricigniter.com\/sk\/technicke-parametre\/#breadcrumb","itemListElement":[{"@type":"ListItem","position":1,"name":"\u00davod","item":"https:\/\/www.electricigniter.com\/sk\/"},{"@type":"ListItem","position":2,"name":"Technick\u00e9 parametre"}]},{"@type":"WebSite","@id":"https:\/\/www.electricigniter.com\/#website","url":"https:\/\/www.electricigniter.com\/","name":"Electric Igniters","description":"","publisher":{"@id":"https:\/\/www.electricigniter.com\/#organization"},"potentialAction":[{"@type":"SearchAction","target":{"@type":"EntryPoint","urlTemplate":"https:\/\/www.electricigniter.com\/?s={search_term_string}"},"query-input":"required name=search_term_string"}],"inLanguage":"sk-SK"},{"@type":"Organization","@id":"https:\/\/www.electricigniter.com\/#organization","name":"PYROEX","url":"https:\/\/www.electricigniter.com\/","logo":{"@type":"ImageObject","inLanguage":"sk-SK","@id":"https:\/\/www.electricigniter.com\/#\/schema\/logo\/image\/","url":"https:\/\/www.electricigniter.com\/wp-content\/uploads\/2019\/03\/logo-farebne-02-40px-privatex-pyro.png","contentUrl":"https:\/\/www.electricigniter.com\/wp-content\/uploads\/2019\/03\/logo-farebne-02-40px-privatex-pyro.png","width":233,"height":40,"caption":"PYROEX"},"image":{"@id":"https:\/\/www.electricigniter.com\/#\/schema\/logo\/image\/"}}]}},"_links":{"self":[{"href":"https:\/\/www.electricigniter.com\/sk\/wp-json\/wp\/v2\/pages\/6808"}],"collection":[{"href":"https:\/\/www.electricigniter.com\/sk\/wp-json\/wp\/v2\/pages"}],"about":[{"href":"https:\/\/www.electricigniter.com\/sk\/wp-json\/wp\/v2\/types\/page"}],"author":[{"embeddable":true,"href":"https:\/\/www.electricigniter.com\/sk\/wp-json\/wp\/v2\/users\/16"}],"replies":[{"embeddable":true,"href":"https:\/\/www.electricigniter.com\/sk\/wp-json\/wp\/v2\/comments?post=6808"}],"version-history":[{"count":3,"href":"https:\/\/www.electricigniter.com\/sk\/wp-json\/wp\/v2\/pages\/6808\/revisions"}],"predecessor-version":[{"id":7099,"href":"https:\/\/www.electricigniter.com\/sk\/wp-json\/wp\/v2\/pages\/6808\/revisions\/7099"}],"wp:attachment":[{"href":"https:\/\/www.electricigniter.com\/sk\/wp-json\/wp\/v2\/media?parent=6808"}],"curies":[{"name":"wp","href":"https:\/\/api.w.org\/{rel}","templated":true}]}}