{"id":491,"date":"2018-05-17T11:36:30","date_gmt":"2018-05-17T09:36:30","guid":{"rendered":"https:\/\/www.electricigniter.com\/?page_id=491"},"modified":"2019-05-30T14:35:24","modified_gmt":"2019-05-30T12:35:24","slug":"pravidla-cookies","status":"publish","type":"page","link":"https:\/\/www.electricigniter.com\/sk\/pravidla-cookies\/","title":{"rendered":"Pravidl\u00e1 cookies"},"content":{"rendered":"\t\t<div data-elementor-type=\"wp-post\" data-elementor-id=\"491\" class=\"elementor elementor-491\" data-elementor-post-type=\"page\">\n\t\t\t\t\t\t<section class=\"elementor-section elementor-top-section elementor-element elementor-element-55d447a tmavarow elementor-section-boxed elementor-section-height-default elementor-section-height-default\" data-id=\"55d447a\" data-element_type=\"section\" data-settings=\"{&quot;jet_parallax_layout_list&quot;:[{&quot;jet_parallax_layout_image&quot;:{&quot;url&quot;:&quot;&quot;,&quot;id&quot;:&quot;&quot;,&quot;size&quot;:&quot;&quot;},&quot;_id&quot;:&quot;046fb50&quot;,&quot;jet_parallax_layout_image_tablet&quot;:{&quot;url&quot;:&quot;&quot;,&quot;id&quot;:&quot;&quot;,&quot;size&quot;:&quot;&quot;},&quot;jet_parallax_layout_image_mobile&quot;:{&quot;url&quot;:&quot;&quot;,&quot;id&quot;:&quot;&quot;,&quot;size&quot;:&quot;&quot;},&quot;jet_parallax_layout_speed&quot;:{&quot;unit&quot;:&quot;%&quot;,&quot;size&quot;:50,&quot;sizes&quot;:[]},&quot;jet_parallax_layout_type&quot;:&quot;scroll&quot;,&quot;jet_parallax_layout_z_index&quot;:&quot;&quot;,&quot;jet_parallax_layout_bg_x&quot;:50,&quot;jet_parallax_layout_bg_y&quot;:50,&quot;jet_parallax_layout_bg_size&quot;:&quot;auto&quot;,&quot;jet_parallax_layout_animation_prop&quot;:&quot;transform&quot;,&quot;jet_parallax_layout_on&quot;:[&quot;desktop&quot;,&quot;tablet&quot;],&quot;jet_parallax_layout_direction&quot;:null,&quot;jet_parallax_layout_fx_direction&quot;:null,&quot;jet_parallax_layout_bg_x_tablet&quot;:&quot;&quot;,&quot;jet_parallax_layout_bg_x_mobile&quot;:&quot;&quot;,&quot;jet_parallax_layout_bg_y_tablet&quot;:&quot;&quot;,&quot;jet_parallax_layout_bg_y_mobile&quot;:&quot;&quot;,&quot;jet_parallax_layout_bg_size_tablet&quot;:&quot;&quot;,&quot;jet_parallax_layout_bg_size_mobile&quot;:&quot;&quot;}]}\">\n\t\t\t\t\t\t<div class=\"elementor-container elementor-column-gap-default\">\n\t\t\t\t\t<div class=\"elementor-column elementor-col-100 elementor-top-column elementor-element elementor-element-9dab4d9\" data-id=\"9dab4d9\" data-element_type=\"column\">\n\t\t\t<div class=\"elementor-widget-wrap elementor-element-populated\">\n\t\t\t\t\t\t<div class=\"elementor-element elementor-element-ff8abf7 elementor-widget elementor-widget-heading\" data-id=\"ff8abf7\" data-element_type=\"widget\" data-widget_type=\"heading.default\">\n\t\t\t\t<div class=\"elementor-widget-container\">\n\t\t\t<h1 class=\"elementor-heading-title elementor-size-default\">Pravidl\u00e1 cookies<\/h1>\t\t<\/div>\n\t\t\t\t<\/div>\n\t\t\t\t<div class=\"elementor-element elementor-element-a34c3a7 elementor-widget elementor-widget-text-editor\" data-id=\"a34c3a7\" data-element_type=\"widget\" data-widget_type=\"text-editor.default\">\n\t\t\t\t<div class=\"elementor-widget-container\">\n\t\t\t\t\t\t\t<h3>1. O cookies<\/h3><p>1.1 Cookie je s\u00fabor obsahuj\u00faci identifik\u00e1tor (re\u0165azec p\u00edsmen a \u010d\u00edsel), ktor\u00fd posiela webov\u00fd server do webov\u00e9ho prehliada\u010da a je ulo\u017een\u00fd prehliada\u010dom. Identifik\u00e1tor sa potom odosiela sp\u00e4\u0165 na server v\u017edy, ke\u010f prehliada\u010d po\u017eaduje od servera str\u00e1nku.<\/p><p>1.2 S\u00fabory cookies m\u00f4\u017eu by\u0165 bu\u010f &#8222;trval\u00e9&#8220; s\u00fabory cookies, alebo s\u00fabory &#8222;rel\u00e1cie&#8220;: trval\u00fd s\u00fabor cookie bude ulo\u017een\u00fd vo webovom prehliada\u010di a zostane platn\u00fd a\u017e do stanoven\u00e9ho d\u00e1tumu vypr\u0161ania platnosti, pokia\u013e nie je pred d\u00e1tumom vypr\u0161ania platnosti vymazan\u00fd pou\u017e\u00edvate\u013eom; cookies rel\u00e1cie vypr\u0161ia na konci rel\u00e1cie pou\u017e\u00edvate\u013ea, ke\u010f je webov\u00fd prehliada\u010d zatvoren\u00fd.<\/p><p>1.3 S\u00fabory cookies zvy\u010dajne neobsahuj\u00fa \u017eiadne inform\u00e1cie, ktor\u00e9 osobne identifikuj\u00fa pou\u017e\u00edvate\u013ea, ale osobn\u00e9 inform\u00e1cie, ktor\u00e9 uklad\u00e1me, m\u00f4\u017eu by\u0165 prepojen\u00e9 s inform\u00e1ciami ulo\u017een\u00fdmi v cookies a z\u00edskan\u00fdmi z nich.<\/p><h3>2. Cookies, ktor\u00e9 pou\u017e\u00edvame<\/h3><p>2.1 Cookies pou\u017e\u00edvame na nasleduj\u00face \u00fa\u010dely:<br \/>(a) overovanie &#8211; s\u00fabory cookies pou\u017e\u00edvame na va\u0161u identifik\u00e1ciu pri n\u00e1v\u0161teve na\u0161ich webov\u00fdch str\u00e1nok a po\u010das navig\u00e1cie na na\u0161ich webov\u00fdch str\u00e1nkach;<br \/>(b) anal\u00fdza &#8211; pou\u017e\u00edvame s\u00fabory cookies, ktor\u00e9 n\u00e1m pom\u00e1haj\u00fa analyzova\u0165 pou\u017e\u00edvanie a v\u00fdkonnos\u0165 na\u0161ich webov\u00fdch str\u00e1nok a slu\u017eieb; a<br \/>(c) s\u00fahlas cookies &#8211; s\u00fabory cookies pou\u017e\u00edvame na ukladanie va\u0161ich preferenci\u00ed k pou\u017e\u00edvaniu s\u00faborov cookies pri prehliadan\u00ed webovej str\u00e1nky<\/p><h3>3. Cookies pou\u017e\u00edvan\u00e9 na\u0161imi poskytovate\u013emi slu\u017eieb<\/h3><p>3.1 Na\u0161i poskytovatelia slu\u017eieb pou\u017e\u00edvaj\u00fa s\u00fabory cookies a tieto cookies m\u00f4\u017eu by\u0165 ulo\u017een\u00e9 vo va\u0161om po\u010d\u00edta\u010di pri n\u00e1v\u0161teve na\u0161ich webov\u00fdch str\u00e1nok.<\/p><p>3.2 Na anal\u00fdzu pou\u017e\u00edvania na\u0161ich webov\u00fdch str\u00e1nok pou\u017e\u00edvame slu\u017ebu <em>Google Analytics<\/em>. Slu\u017eba Google Analytics zhroma\u017e\u010fuje inform\u00e1cie o pou\u017e\u00edvan\u00ed webov\u00fdch str\u00e1nok prostredn\u00edctvom s\u00faborov cookies. Zhroma\u017eden\u00e9 inform\u00e1cie t\u00fdkaj\u00face sa na\u0161ich webov\u00fdch str\u00e1nok sa pou\u017e\u00edvaj\u00fa na vytv\u00e1ranie preh\u013eadov o pou\u017e\u00edvan\u00ed na\u0161ich webov\u00fdch str\u00e1nok. Pravidl\u00e1 ochrany osobn\u00fdch \u00fadajov spolo\u010dnosti Google s\u00fa k dispoz\u00edcii na str\u00e1nke: <a href=\"https:\/\/policies.google.com\/privacy?hl=sk\" target=\"_blank\" rel=\"noopener\">Google Ochrana s\u00fakromia<\/a><\/p><p>3.3 Pou\u017e\u00edvame <em>Facebook Pixel<\/em> na anal\u00fdzu pou\u017eitia na\u0161ich webov\u00fdch str\u00e1nok. T\u00e1to slu\u017eba pou\u017e\u00edva s\u00fabory cookies na zabezpe\u010denie toho, aby sa na\u0161e reklamy zobrazovali spr\u00e1vnym \u013eu\u010fom a vytv\u00e1rali reklamn\u00e9 publikum. M\u00f4\u017eete si pozrie\u0165 pravidl\u00e1 ochrany osobn\u00fdch \u00fadajov tohto poskytovate\u013ea slu\u017eieb\u00a0<a href=\"https:\/\/www.facebook.com\/privacy\/explanation\/\" target=\"_blank\" rel=\"noopener\">na adrese<\/a> <em>.<\/em><\/p><h3>4. Spr\u00e1va s\u00faborov cookies<\/h3><p>4.1 V\u00e4\u010d\u0161ina prehliada\u010dov v\u00e1m umo\u017e\u0148uje odmietnu\u0165 prijatie s\u00faborov cookies a odstr\u00e1ni\u0165 s\u00fabory cookies. Met\u00f3dy na ich spr\u00e1vu sa l\u00ed\u0161ia v z\u00e1vislosti od prehliada\u010da a verzie prehliada\u010da. M\u00f4\u017eete v\u0161ak z\u00edska\u0165 aktu\u00e1lne inform\u00e1cie o blokovan\u00ed a mazan\u00ed s\u00faborov cookies prostredn\u00edctvom t\u00fdchto odkazov:<br \/>(a) <a href=\"https:\/\/support.google.com\/chrome\/answer\/95647?hl=sk\">Chrome<\/a><br \/>(b) <a href=\"https:\/\/support.mozilla.org\/sk\/kb\/povolenie-zakazanie-cookies\">Firefox<\/a><br \/>(c)<a href=\"http:\/\/www.opera.com\/help\/tutorials\/security\/cookies\/\">\u00a0Opera<\/a><br \/>(d) <a href=\"https:\/\/support.microsoft.com\/sk-sk\/help\/17442\/windows-internet-explorer-delete-manage-cookies\">Internet Explorer<\/a><br \/>(e) <a href=\"https:\/\/support.apple.com\/kb\/PH21411?locale=sk_SK\">Safari<\/a><br \/>(f) <a href=\"https:\/\/privacy.microsoft.com\/en-us\/windows-10-microsoft-edge-and-privacy\">Edge<\/a><br \/>4.2 Blokovanie v\u0161etk\u00fdch s\u00faborov cookies bude ma\u0165 negat\u00edvny vplyv na pou\u017eite\u013enos\u0165 mnoh\u00fdch webov\u00fdch str\u00e1nok.<\/p><p>4.3 Ak zablokujete cookies, nebudete m\u00f4c\u0165 pou\u017e\u00edva\u0165 v\u0161etky funkcie na\u0161ich webov\u00fdch str\u00e1nok.<\/p>\t\t\t\t\t\t<\/div>\n\t\t\t\t<\/div>\n\t\t\t\t\t<\/div>\n\t\t<\/div>\n\t\t\t\t\t<\/div>\n\t\t<\/section>\n\t\t\t\t<\/div>\n\t\t","protected":false},"excerpt":{"rendered":"<p>Pravidl\u00e1 cookies 1. O cookies 1.1 Cookie je s\u00fabor obsahuj\u00faci identifik\u00e1tor (re\u0165azec p\u00edsmen a \u010d\u00edsel), ktor\u00fd posiela webov\u00fd server do webov\u00e9ho prehliada\u010da a je ulo\u017een\u00fd prehliada\u010dom. Identifik\u00e1tor sa potom odosiela sp\u00e4\u0165 na server v\u017edy, ke\u010f prehliada\u010d po\u017eaduje od servera str\u00e1nku. 1.2 S\u00fabory cookies m\u00f4\u017eu by\u0165 bu\u010f &#8222;trval\u00e9&#8220; s\u00fabory cookies, alebo s\u00fabory &#8222;rel\u00e1cie&#8220;: trval\u00fd s\u00fabor cookie [&hellip;]<\/p>\n","protected":false},"author":16,"featured_media":0,"parent":0,"menu_order":0,"comment_status":"closed","ping_status":"closed","template":"elementor_header_footer","meta":{"site-sidebar-layout":"default","site-content-layout":"","ast-site-content-layout":"","site-content-style":"default","site-sidebar-style":"default","ast-global-header-display":"","ast-banner-title-visibility":"","ast-main-header-display":"","ast-hfb-above-header-display":"","ast-hfb-below-header-display":"","ast-hfb-mobile-header-display":"","site-post-title":"","ast-breadcrumbs-content":"","ast-featured-img":"","footer-sml-layout":"","theme-transparent-header-meta":"","adv-header-id-meta":"","stick-header-meta":"","header-above-stick-meta":"","header-main-stick-meta":"","header-below-stick-meta":"","astra-migrate-meta-layouts":"default","ast-page-background-enabled":"default","ast-page-background-meta":{"desktop":{"background-color":"var(--ast-global-color-4)","background-image":"","background-repeat":"repeat","background-position":"center center","background-size":"auto","background-attachment":"scroll","background-type":"","background-media":"","overlay-type":"","overlay-color":"","overlay-opacity":"","overlay-gradient":""},"tablet":{"background-color":"","background-image":"","background-repeat":"repeat","background-position":"center center","background-size":"auto","background-attachment":"scroll","background-type":"","background-media":"","overlay-type":"","overlay-color":"","overlay-opacity":"","overlay-gradient":""},"mobile":{"background-color":"","background-image":"","background-repeat":"repeat","background-position":"center center","background-size":"auto","background-attachment":"scroll","background-type":"","background-media":"","overlay-type":"","overlay-color":"","overlay-opacity":"","overlay-gradient":""}},"ast-content-background-meta":{"desktop":{"background-color":"var(--ast-global-color-5)","background-image":"","background-repeat":"repeat","background-position":"center center","background-size":"auto","background-attachment":"scroll","background-type":"","background-media":"","overlay-type":"","overlay-color":"","overlay-opacity":"","overlay-gradient":""},"tablet":{"background-color":"var(--ast-global-color-5)","background-image":"","background-repeat":"repeat","background-position":"center center","background-size":"auto","background-attachment":"scroll","background-type":"","background-media":"","overlay-type":"","overlay-color":"","overlay-opacity":"","overlay-gradient":""},"mobile":{"background-color":"var(--ast-global-color-5)","background-image":"","background-repeat":"repeat","background-position":"center center","background-size":"auto","background-attachment":"scroll","background-type":"","background-media":"","overlay-type":"","overlay-color":"","overlay-opacity":"","overlay-gradient":""}},"footnotes":""},"yoast_head":"<!-- This site is optimized with the Yoast SEO plugin v22.9 - https:\/\/yoast.com\/wordpress\/plugins\/seo\/ -->\n<title>Pravidl\u00e1 cookies | Electric Igniters<\/title>\n<meta name=\"description\" content=\"Pravidl\u00e1 cookies 1. O cookies1.1 Cookie je s\u00fabor obsahuj\u00faci identifik\u00e1tor (re\u0165azec p\u00edsmen a \u010d\u00edsel), ktor\u00fd posiela webov\u00fd server do webov\u00e9ho prehliada\u010da a\" \/>\n<meta name=\"robots\" content=\"noindex, nofollow\" \/>\n<meta property=\"og:locale\" content=\"sk_SK\" \/>\n<meta property=\"og:type\" content=\"article\" \/>\n<meta property=\"og:title\" content=\"Pravidl\u00e1 cookies | Electric Igniters\" \/>\n<meta property=\"og:description\" content=\"Pravidl\u00e1 cookies 1. O cookies1.1 Cookie je s\u00fabor obsahuj\u00faci identifik\u00e1tor (re\u0165azec p\u00edsmen a \u010d\u00edsel), ktor\u00fd posiela webov\u00fd server do webov\u00e9ho prehliada\u010da a\" \/>\n<meta property=\"og:url\" content=\"https:\/\/www.electricigniter.com\/pravidla-cookies\/\" \/>\n<meta property=\"og:site_name\" content=\"Electric Igniters\" \/>\n<meta property=\"article:modified_time\" content=\"2019-05-30T12:35:24+00:00\" \/>\n<meta property=\"og:image\" content=\"https:\/\/www.electricigniter.com\/wp-content\/uploads\/2019\/08\/fb-privatex-pyro.jpg\" \/>\n\t<meta property=\"og:image:width\" content=\"1200\" \/>\n\t<meta property=\"og:image:height\" content=\"627\" \/>\n\t<meta property=\"og:image:type\" content=\"image\/jpeg\" \/>\n<meta name=\"twitter:card\" content=\"summary_large_image\" \/>\n<meta name=\"twitter:label1\" content=\"Predpokladan\u00fd \u010das \u010d\u00edtania\" \/>\n\t<meta name=\"twitter:data1\" content=\"3 min\u00faty\" \/>\n<script type=\"application\/ld+json\" class=\"yoast-schema-graph\">{\"@context\":\"https:\/\/schema.org\",\"@graph\":[{\"@type\":\"WebPage\",\"@id\":\"https:\/\/www.electricigniter.com\/pravidla-cookies\/\",\"url\":\"https:\/\/www.electricigniter.com\/pravidla-cookies\/\",\"name\":\"Pravidl\u00e1 cookies | Electric Igniters\",\"isPartOf\":{\"@id\":\"https:\/\/www.electricigniter.com\/#website\"},\"datePublished\":\"2018-05-17T09:36:30+00:00\",\"dateModified\":\"2019-05-30T12:35:24+00:00\",\"description\":\"Pravidl\u00e1 cookies 1. O cookies1.1 Cookie je s\u00fabor obsahuj\u00faci identifik\u00e1tor (re\u0165azec p\u00edsmen a \u010d\u00edsel), ktor\u00fd posiela webov\u00fd server do webov\u00e9ho prehliada\u010da a\",\"breadcrumb\":{\"@id\":\"https:\/\/www.electricigniter.com\/pravidla-cookies\/#breadcrumb\"},\"inLanguage\":\"sk-SK\",\"potentialAction\":[{\"@type\":\"ReadAction\",\"target\":[\"https:\/\/www.electricigniter.com\/pravidla-cookies\/\"]}]},{\"@type\":\"BreadcrumbList\",\"@id\":\"https:\/\/www.electricigniter.com\/pravidla-cookies\/#breadcrumb\",\"itemListElement\":[{\"@type\":\"ListItem\",\"position\":1,\"name\":\"\u00davod\",\"item\":\"https:\/\/www.electricigniter.com\/sk\/\"},{\"@type\":\"ListItem\",\"position\":2,\"name\":\"Pravidl\u00e1 cookies\"}]},{\"@type\":\"WebSite\",\"@id\":\"https:\/\/www.electricigniter.com\/#website\",\"url\":\"https:\/\/www.electricigniter.com\/\",\"name\":\"Electric Igniters\",\"description\":\"\",\"publisher\":{\"@id\":\"https:\/\/www.electricigniter.com\/#organization\"},\"potentialAction\":[{\"@type\":\"SearchAction\",\"target\":{\"@type\":\"EntryPoint\",\"urlTemplate\":\"https:\/\/www.electricigniter.com\/?s={search_term_string}\"},\"query-input\":\"required name=search_term_string\"}],\"inLanguage\":\"sk-SK\"},{\"@type\":\"Organization\",\"@id\":\"https:\/\/www.electricigniter.com\/#organization\",\"name\":\"PYROEX\",\"url\":\"https:\/\/www.electricigniter.com\/\",\"logo\":{\"@type\":\"ImageObject\",\"inLanguage\":\"sk-SK\",\"@id\":\"https:\/\/www.electricigniter.com\/#\/schema\/logo\/image\/\",\"url\":\"https:\/\/www.electricigniter.com\/wp-content\/uploads\/2019\/03\/logo-farebne-02-40px-privatex-pyro.png\",\"contentUrl\":\"https:\/\/www.electricigniter.com\/wp-content\/uploads\/2019\/03\/logo-farebne-02-40px-privatex-pyro.png\",\"width\":233,\"height\":40,\"caption\":\"PYROEX\"},\"image\":{\"@id\":\"https:\/\/www.electricigniter.com\/#\/schema\/logo\/image\/\"}}]}<\/script>\n<!-- \/ Yoast SEO plugin. -->","yoast_head_json":{"title":"Pravidl\u00e1 cookies | Electric Igniters","description":"Pravidl\u00e1 cookies 1. O cookies1.1 Cookie je s\u00fabor obsahuj\u00faci identifik\u00e1tor (re\u0165azec p\u00edsmen a \u010d\u00edsel), ktor\u00fd posiela webov\u00fd server do webov\u00e9ho prehliada\u010da a","robots":{"index":"noindex","follow":"nofollow"},"og_locale":"sk_SK","og_type":"article","og_title":"Pravidl\u00e1 cookies | Electric Igniters","og_description":"Pravidl\u00e1 cookies 1. O cookies1.1 Cookie je s\u00fabor obsahuj\u00faci identifik\u00e1tor (re\u0165azec p\u00edsmen a \u010d\u00edsel), ktor\u00fd posiela webov\u00fd server do webov\u00e9ho prehliada\u010da a","og_url":"https:\/\/www.electricigniter.com\/pravidla-cookies\/","og_site_name":"Electric Igniters","article_modified_time":"2019-05-30T12:35:24+00:00","og_image":[{"width":1200,"height":627,"url":"https:\/\/www.electricigniter.com\/wp-content\/uploads\/2019\/08\/fb-privatex-pyro.jpg","type":"image\/jpeg"}],"twitter_card":"summary_large_image","twitter_misc":{"Predpokladan\u00fd \u010das \u010d\u00edtania":"3 min\u00faty"},"schema":{"@context":"https:\/\/schema.org","@graph":[{"@type":"WebPage","@id":"https:\/\/www.electricigniter.com\/pravidla-cookies\/","url":"https:\/\/www.electricigniter.com\/pravidla-cookies\/","name":"Pravidl\u00e1 cookies | Electric Igniters","isPartOf":{"@id":"https:\/\/www.electricigniter.com\/#website"},"datePublished":"2018-05-17T09:36:30+00:00","dateModified":"2019-05-30T12:35:24+00:00","description":"Pravidl\u00e1 cookies 1. O cookies1.1 Cookie je s\u00fabor obsahuj\u00faci identifik\u00e1tor (re\u0165azec p\u00edsmen a \u010d\u00edsel), ktor\u00fd posiela webov\u00fd server do webov\u00e9ho prehliada\u010da a","breadcrumb":{"@id":"https:\/\/www.electricigniter.com\/pravidla-cookies\/#breadcrumb"},"inLanguage":"sk-SK","potentialAction":[{"@type":"ReadAction","target":["https:\/\/www.electricigniter.com\/pravidla-cookies\/"]}]},{"@type":"BreadcrumbList","@id":"https:\/\/www.electricigniter.com\/pravidla-cookies\/#breadcrumb","itemListElement":[{"@type":"ListItem","position":1,"name":"\u00davod","item":"https:\/\/www.electricigniter.com\/sk\/"},{"@type":"ListItem","position":2,"name":"Pravidl\u00e1 cookies"}]},{"@type":"WebSite","@id":"https:\/\/www.electricigniter.com\/#website","url":"https:\/\/www.electricigniter.com\/","name":"Electric Igniters","description":"","publisher":{"@id":"https:\/\/www.electricigniter.com\/#organization"},"potentialAction":[{"@type":"SearchAction","target":{"@type":"EntryPoint","urlTemplate":"https:\/\/www.electricigniter.com\/?s={search_term_string}"},"query-input":"required name=search_term_string"}],"inLanguage":"sk-SK"},{"@type":"Organization","@id":"https:\/\/www.electricigniter.com\/#organization","name":"PYROEX","url":"https:\/\/www.electricigniter.com\/","logo":{"@type":"ImageObject","inLanguage":"sk-SK","@id":"https:\/\/www.electricigniter.com\/#\/schema\/logo\/image\/","url":"https:\/\/www.electricigniter.com\/wp-content\/uploads\/2019\/03\/logo-farebne-02-40px-privatex-pyro.png","contentUrl":"https:\/\/www.electricigniter.com\/wp-content\/uploads\/2019\/03\/logo-farebne-02-40px-privatex-pyro.png","width":233,"height":40,"caption":"PYROEX"},"image":{"@id":"https:\/\/www.electricigniter.com\/#\/schema\/logo\/image\/"}}]}},"_links":{"self":[{"href":"https:\/\/www.electricigniter.com\/sk\/wp-json\/wp\/v2\/pages\/491"}],"collection":[{"href":"https:\/\/www.electricigniter.com\/sk\/wp-json\/wp\/v2\/pages"}],"about":[{"href":"https:\/\/www.electricigniter.com\/sk\/wp-json\/wp\/v2\/types\/page"}],"author":[{"embeddable":true,"href":"https:\/\/www.electricigniter.com\/sk\/wp-json\/wp\/v2\/users\/16"}],"replies":[{"embeddable":true,"href":"https:\/\/www.electricigniter.com\/sk\/wp-json\/wp\/v2\/comments?post=491"}],"version-history":[{"count":0,"href":"https:\/\/www.electricigniter.com\/sk\/wp-json\/wp\/v2\/pages\/491\/revisions"}],"wp:attachment":[{"href":"https:\/\/www.electricigniter.com\/sk\/wp-json\/wp\/v2\/media?parent=491"}],"curies":[{"name":"wp","href":"https:\/\/api.w.org\/{rel}","templated":true}]}}